{"id":5475,"date":"2015-11-17T11:42:19","date_gmt":"2015-11-17T11:42:19","guid":{"rendered":"https:\/\/www.ascensors-soler.cat\/politica-de-privacitat\/"},"modified":"2019-03-04T17:38:58","modified_gmt":"2019-03-04T16:38:58","slug":"politica-de-privacidad","status":"publish","type":"page","link":"https:\/\/www.ascensors-soler.cat\/es\/politica-de-privacidad\/","title":{"rendered":"Pol\u00edtica de Privacidad"},"content":{"rendered":"<p>[et_pb_section bb_built=\u00bb1&#8243; fullwidth=\u00bbon\u00bb specialty=\u00bboff\u00bb next_background_color=\u00bb#000000&#8243;][et_pb_fullwidth_header title=\u00bbPOL\u00cdTICA DE PRIVACIDAD\u00bb background_layout=\u00bblight\u00bb text_orientation=\u00bbcenter\u00bb header_fullscreen=\u00bboff\u00bb header_scroll_down=\u00bboff\u00bb parallax=\u00bboff\u00bb parallax_method=\u00bboff\u00bb content_orientation=\u00bbcenter\u00bb image_orientation=\u00bbcenter\u00bb custom_button_one=\u00bboff\u00bb button_one_text_size=\u00bb20&#8243; button_one_border_width=\u00bb2&#8243; button_one_border_radius=\u00bb3&#8243; button_one_letter_spacing=\u00bb0&#8243; button_one_use_icon=\u00bbdefault\u00bb button_one_icon_placement=\u00bbright\u00bb button_one_on_hover=\u00bbon\u00bb button_one_border_radius_hover=\u00bb3&#8243; button_one_letter_spacing_hover=\u00bb0&#8243; custom_button_two=\u00bboff\u00bb button_two_text_size=\u00bb20&#8243; button_two_border_width=\u00bb2&#8243; button_two_border_radius=\u00bb3&#8243; button_two_letter_spacing=\u00bb0&#8243; button_two_use_icon=\u00bbdefault\u00bb button_two_icon_placement=\u00bbright\u00bb button_two_on_hover=\u00bbon\u00bb button_two_border_radius_hover=\u00bb3&#8243; button_two_letter_spacing_hover=\u00bb0&#8243; content_max_width=\u00bb100%\u00bb background_color=\u00bbrgba(255, 255, 255, 0)\u00bb _builder_version=\u00bb3.19.12&#8243; button_one_text_size__hover_enabled=\u00bboff\u00bb button_one_text_size__hover=\u00bbnull\u00bb button_two_text_size__hover_enabled=\u00bboff\u00bb button_two_text_size__hover=\u00bbnull\u00bb button_one_text_color__hover_enabled=\u00bboff\u00bb button_one_text_color__hover=\u00bbnull\u00bb button_two_text_color__hover_enabled=\u00bboff\u00bb button_two_text_color__hover=\u00bbnull\u00bb button_one_border_width__hover_enabled=\u00bboff\u00bb button_one_border_width__hover=\u00bbnull\u00bb button_two_border_width__hover_enabled=\u00bboff\u00bb button_two_border_width__hover=\u00bbnull\u00bb button_one_border_color__hover_enabled=\u00bboff\u00bb button_one_border_color__hover=\u00bbnull\u00bb button_two_border_color__hover_enabled=\u00bboff\u00bb button_two_border_color__hover=\u00bbnull\u00bb button_one_border_radius__hover_enabled=\u00bbon\u00bb button_one_border_radius__hover=\u00bb3&#8243; button_two_border_radius__hover_enabled=\u00bbon\u00bb button_two_border_radius__hover=\u00bb3&#8243; button_one_letter_spacing__hover_enabled=\u00bbon\u00bb button_one_letter_spacing__hover=\u00bb0&#8243; button_two_letter_spacing__hover_enabled=\u00bbon\u00bb button_two_letter_spacing__hover=\u00bb0&#8243; button_one_bg_color__hover_enabled=\u00bboff\u00bb button_one_bg_color__hover=\u00bbnull\u00bb button_two_bg_color__hover_enabled=\u00bboff\u00bb button_two_bg_color__hover=\u00bbnull\u00bb]<\/p>\n<p><\/p>\n<p>[\/et_pb_fullwidth_header][\/et_pb_section][et_pb_section bb_built=\u00bb1&#8243; fullwidth=\u00bboff\u00bb specialty=\u00bboff\u00bb prev_background_color=\u00bb#000000&#8243; next_background_color=\u00bb#000000&#8243;][et_pb_row background_position=\u00bbtop_left\u00bb background_repeat=\u00bbrepeat\u00bb background_size=\u00bbinitial\u00bb _builder_version=\u00bb3.19.12&#8243;][et_pb_column type=\u00bb1_4&#8243;][\/et_pb_column][et_pb_column type=\u00bb3_4&#8243;][et_pb_text admin_label=\u00bbSiguiendo los principios de licitud, lealtad y transparencia, ponemos a su disposici\u00f3n la presente Pol\u00edtica de Privacidad.\u00bb text_font_size=\u00bb14&#8243; use_border_color=\u00bboff\u00bb border_color=\u00bb#ffffff\u00bb border_style=\u00bbsolid\u00bb custom_margin=\u00bb||5%|\u00bb background_position=\u00bbtop_left\u00bb background_repeat=\u00bbrepeat\u00bb background_size=\u00bbinitial\u00bb _builder_version=\u00bb3.19.12&#8243;]<\/p>\n<p align=\"JUSTIFY\"><span style=\"font-family: Trebuchet MS, serif;\">Siguiendo los principios de licitud, lealtad y transparencia, ponemos a su disposici\u00f3n la presente Pol\u00edtica de Privacidad.<\/span><\/p>\n<p>[\/et_pb_text][\/et_pb_column][\/et_pb_row][et_pb_row background_position=\u00bbtop_left\u00bb background_repeat=\u00bbrepeat\u00bb background_size=\u00bbinitial\u00bb][et_pb_column type=\u00bb1_4&#8243;][et_pb_text admin_label=\u00bb\u00bfQui\u00e9n es el Responsable del tratamiento de sus datos?\u00bb text_orientation=\u00bbright\u00bb text_font_size=\u00bb14&#8243; use_border_color=\u00bboff\u00bb border_color=\u00bb#ffffff\u00bb border_style=\u00bbsolid\u00bb background_position=\u00bbtop_left\u00bb background_repeat=\u00bbrepeat\u00bb background_size=\u00bbinitial\u00bb _builder_version=\u00bb3.19.12&#8243;]<\/p>\n<h4>\u00bfQui\u00e9n es el Responsable del tratamiento de sus datos?<\/h4>\n<p>[\/et_pb_text][\/et_pb_column][et_pb_column type=\u00bb3_4&#8243;][et_pb_text admin_label=\u00bb\u00bfQui\u00e9n es el Responsable del tratamiento de sus datos?\u00bb text_font_size=\u00bb14&#8243; use_border_color=\u00bboff\u00bb border_color=\u00bb#ffffff\u00bb border_style=\u00bbsolid\u00bb custom_margin=\u00bb||5%|\u00bb background_position=\u00bbtop_left\u00bb background_repeat=\u00bbrepeat\u00bb background_size=\u00bbinitial\u00bb _builder_version=\u00bb3.19.12&#8243;]<\/p>\n<p>ASCENSORS SOLER S.A.<\/p>\n<p>CIF: A08223612<\/p>\n<p>DOMICILIO SOCIAL: LES MORERES 93 &#8211; 95, P.I. L\u2019ESTRUCH, 08820, EL PRAT DE LLOBREGAT, BARCELONA<\/p>\n<p>Email: <a href=\"mailto:info@ascensors-soler.cat\">info@ascensors-soler.cat<\/a> <br \/>Tel\u00e9fono: 934216911<\/p>\n<p>[\/et_pb_text][\/et_pb_column][\/et_pb_row][et_pb_row background_position=\u00bbtop_left\u00bb background_repeat=\u00bbrepeat\u00bb background_size=\u00bbinitial\u00bb][et_pb_column type=\u00bb1_4&#8243;][et_pb_text admin_label=\u00bb\u00bfCon qu\u00e9 finalidad tratamos sus datos personales?\u00bb text_orientation=\u00bbright\u00bb text_font_size=\u00bb14&#8243; use_border_color=\u00bboff\u00bb border_color=\u00bb#ffffff\u00bb border_style=\u00bbsolid\u00bb background_position=\u00bbtop_left\u00bb background_repeat=\u00bbrepeat\u00bb background_size=\u00bbinitial\u00bb _builder_version=\u00bb3.19.12&#8243;]<\/p>\n<h4>\u00bfCon qu\u00e9 finalidad tratamos sus datos personales?<\/h4>\n<p>[\/et_pb_text][\/et_pb_column][et_pb_column type=\u00bb3_4&#8243;][et_pb_text admin_label=\u00bb\u00bfCon qu\u00e9 finalidad tratamos sus datos personales?\u00bb text_font_size=\u00bb14&#8243; use_border_color=\u00bboff\u00bb border_color=\u00bb#ffffff\u00bb border_style=\u00bbsolid\u00bb custom_margin=\u00bb||5%|\u00bb background_position=\u00bbtop_left\u00bb background_repeat=\u00bbrepeat\u00bb background_size=\u00bbinitial\u00bb _builder_version=\u00bb3.19.12&#8243;]<\/p>\n<p style=\"text-align: left;\">En ASCENSORS SOLER S.A. tratamos la informaci\u00f3n que nos facilita con la finalidad de:<\/p>\n<ul>\n<li style=\"text-align: left;\">Gestionar la relaci\u00f3n contractual que nos une.<\/li>\n<li style=\"text-align: left;\">Gestionar el env\u00edo de la informaci\u00f3n\/ dudas \/ consultas que nos solicita a trav\u00e9s de los formularios Web, email o cualquier medio disponible.<\/li>\n<li style=\"text-align: left;\">Facilitar a los interesados ofertas de nuestros servicios y\/o productos de su inter\u00e9s y\/o la correspondiente newsletter.<\/li>\n<li style=\"text-align: left;\">En su caso, gestionar su candidatura que nos env\u00ede a trav\u00e9s de los formularios o datos de contacto.<\/li>\n<\/ul>\n<p>[\/et_pb_text][\/et_pb_column][\/et_pb_row][et_pb_row background_position=\u00bbtop_left\u00bb background_repeat=\u00bbrepeat\u00bb background_size=\u00bbinitial\u00bb][et_pb_column type=\u00bb1_4&#8243;][et_pb_text admin_label=\u00bb\u00bfPor cu\u00e1nto tiempo conservaremos sus datos personales?\u00bb text_orientation=\u00bbright\u00bb text_font_size=\u00bb14&#8243; use_border_color=\u00bboff\u00bb border_color=\u00bb#ffffff\u00bb border_style=\u00bbsolid\u00bb background_position=\u00bbtop_left\u00bb background_repeat=\u00bbrepeat\u00bb background_size=\u00bbinitial\u00bb _builder_version=\u00bb3.19.12&#8243;]<\/p>\n<h4>\u00bfPor cu\u00e1nto tiempo conservaremos sus datos personales?<\/h4>\n<p>[\/et_pb_text][\/et_pb_column][et_pb_column type=\u00bb3_4&#8243;][et_pb_text admin_label=\u00bb\u00bfPor cu\u00e1nto tiempo conservaremos sus datos personales?\u00bb text_font_size=\u00bb14&#8243; use_border_color=\u00bboff\u00bb border_color=\u00bb#ffffff\u00bb border_style=\u00bbsolid\u00bb custom_margin=\u00bb||5%|\u00bb background_position=\u00bbtop_left\u00bb background_repeat=\u00bbrepeat\u00bb background_size=\u00bbinitial\u00bb _builder_version=\u00bb3.19.12&#8243;]<\/p>\n<p style=\"text-align: left;\">Sus datos, ser\u00e1n conservados el tiempo m\u00ednimo necesario para la correcta prestaci\u00f3n del servicio ofrecido as\u00ed como para atender las responsabilidades que se pudieran derivar del mismo y de cualquier otra exigencia legal. En caso de las ofertas de nuestros servicios y\/o productos cuando el interesado se oponga de forma expresa.<\/p>\n<p>[\/et_pb_text][\/et_pb_column][\/et_pb_row][et_pb_row background_position=\u00bbtop_left\u00bb background_repeat=\u00bbrepeat\u00bb background_size=\u00bbinitial\u00bb][et_pb_column type=\u00bb1_4&#8243;][et_pb_text admin_label=\u00bb\u00bfCu\u00e1l es la legitimaci\u00f3n para el tratamiento de sus datos?\u00bb text_orientation=\u00bbright\u00bb text_font_size=\u00bb14&#8243; use_border_color=\u00bboff\u00bb border_color=\u00bb#ffffff\u00bb border_style=\u00bbsolid\u00bb background_position=\u00bbtop_left\u00bb background_repeat=\u00bbrepeat\u00bb background_size=\u00bbinitial\u00bb _builder_version=\u00bb3.19.12&#8243;]<\/p>\n<h4>\u00bfCu\u00e1l es la legitimaci\u00f3n para el tratamiento de sus datos?<\/h4>\n<p>[\/et_pb_text][\/et_pb_column][et_pb_column type=\u00bb3_4&#8243;][et_pb_text admin_label=\u00bb\u00bfCu\u00e1l es la legitimaci\u00f3n para el tratamiento de sus datos?\u00bb text_font_size=\u00bb14&#8243; use_border_color=\u00bboff\u00bb border_color=\u00bb#ffffff\u00bb border_style=\u00bbsolid\u00bb custom_margin=\u00bb||5%|\u00bb background_position=\u00bbtop_left\u00bb background_repeat=\u00bbrepeat\u00bb background_size=\u00bbinitial\u00bb _builder_version=\u00bb3.19.12&#8243;]<\/p>\n<p style=\"text-align: left;\">La base legal para el tratamiento de sus datos personales puede ser: <\/p>\n<ul>\n<li style=\"text-align: left;\">La ejecuci\u00f3n de una relaci\u00f3n contractual potencial y\/o suscrita.<\/li>\n<li style=\"text-align: left;\">El inter\u00e9s leg\u00edtimo para atender a las consultas y reclamaciones que nos plantees.<\/li>\n<li style=\"text-align: left;\">El consentimiento del propio interesado.<\/li>\n<li style=\"text-align: left;\">La habilitaci\u00f3n legal.<\/li>\n<li style=\"text-align: left;\">En el caso del env\u00edo de comunicaciones comerciales por medios electr\u00f3nicos atenderemos a lo dispuesto en el art\u00edculo 21 de la LSSI. \n<ul>\n<li style=\"text-align: left;\">Si existe una relaci\u00f3n contractual previa se enviar\u00e1n comunicaciones de productos o servicios similares siempre que el interesado no se haya opuesto al tratamiento. <\/li>\n<li style=\"text-align: left;\">Se enviar\u00e1n cuando estas hayan sido solicitadas o expresamente autorizadas.<\/li>\n<\/ul>\n<\/li>\n<\/ul>\n<p style=\"text-align: left;\">Los datos que le solicitamos son adecuados, pertinentes y estrictamente necesarios y en ning\u00fan caso est\u00e1 obligado a facilit\u00e1rnoslos, pero su no comunicaci\u00f3n podr\u00e1 afectar a la finalidad del servicio o la imposibilidad de prestarlo.<\/p>\n<p>[\/et_pb_text][\/et_pb_column][\/et_pb_row][et_pb_row background_position=\u00bbtop_left\u00bb background_repeat=\u00bbrepeat\u00bb background_size=\u00bbinitial\u00bb][et_pb_column type=\u00bb1_4&#8243;][et_pb_text admin_label=\u00bb\u00bfA qu\u00e9 destinatarios se comunicar\u00e1n sus datos?\u00bb text_orientation=\u00bbright\u00bb text_font_size=\u00bb14&#8243; use_border_color=\u00bboff\u00bb border_color=\u00bb#ffffff\u00bb border_style=\u00bbsolid\u00bb background_position=\u00bbtop_left\u00bb background_repeat=\u00bbrepeat\u00bb background_size=\u00bbinitial\u00bb _builder_version=\u00bb3.19.12&#8243;]<\/p>\n<h4>\u00bfA qu\u00e9 destinatarios se comunicar\u00e1n sus datos?<\/h4>\n<p>[\/et_pb_text][\/et_pb_column][et_pb_column type=\u00bb3_4&#8243;][et_pb_text admin_label=\u00bb\u00bfA qu\u00e9 destinatarios se comunicar\u00e1n sus datos?\u00bb text_font_size=\u00bb14&#8243; use_border_color=\u00bboff\u00bb border_color=\u00bb#ffffff\u00bb border_style=\u00bbsolid\u00bb custom_margin=\u00bb||5%|\u00bb background_position=\u00bbtop_left\u00bb background_repeat=\u00bbrepeat\u00bb background_size=\u00bbinitial\u00bb _builder_version=\u00bb3.19.12&#8243;]<\/p>\n<p style=\"text-align: left;\">ASCENSORS SOLER S.A. no comunicar\u00e1 sus datos a ning\u00fan tercero, salvo que se informe de ello expresamente.<\/p>\n<p>[\/et_pb_text][\/et_pb_column][\/et_pb_row][et_pb_row background_position=\u00bbtop_left\u00bb background_repeat=\u00bbrepeat\u00bb background_size=\u00bbinitial\u00bb][et_pb_column type=\u00bb1_4&#8243;][et_pb_text admin_label=\u00bb\u00bfCu\u00e1les son sus derechos cuando nos facilita sus datos?\u00bb text_orientation=\u00bbright\u00bb text_font_size=\u00bb14&#8243; use_border_color=\u00bboff\u00bb border_color=\u00bb#ffffff\u00bb border_style=\u00bbsolid\u00bb background_position=\u00bbtop_left\u00bb background_repeat=\u00bbrepeat\u00bb background_size=\u00bbinitial\u00bb _builder_version=\u00bb3.19.12&#8243;]<\/p>\n<h4>\u00bfCu\u00e1les son sus derechos cuando nos facilita sus datos?<\/h4>\n<p>[\/et_pb_text][\/et_pb_column][et_pb_column type=\u00bb3_4&#8243;][et_pb_text admin_label=\u00bb\u00bfCu\u00e1les son sus derechos cuando nos facilita sus datos?\u00bb text_font_size=\u00bb14&#8243; use_border_color=\u00bboff\u00bb border_color=\u00bb#ffffff\u00bb border_style=\u00bbsolid\u00bb custom_margin=\u00bb||5%|\u00bb background_position=\u00bbtop_left\u00bb background_repeat=\u00bbrepeat\u00bb background_size=\u00bbinitial\u00bb _builder_version=\u00bb3.19.12&#8243;]<\/p>\n<p style=\"text-align: left;\">Los derechos de protecci\u00f3n de datos de los que son titulares los interesados son:<\/p>\n<ul>\n<li style=\"text-align: left;\">Derecho a solicitar el acceso a los datos personales relativos al interesado<\/li>\n<li style=\"text-align: left;\">Derecho de rectificaci\u00f3n o supresi\u00f3n<\/li>\n<li style=\"text-align: left;\">Derecho de oposici\u00f3n<\/li>\n<li style=\"text-align: left;\">Derecho a solicitar la limitaci\u00f3n de su tratamiento <\/li>\n<li style=\"text-align: left;\">Derecho a la portabilidad de los datos<\/li>\n<\/ul>\n<p style=\"text-align: left;\">Los titulares de los datos personales obtenidos, podr\u00e1n ejercer sus derechos de protecci\u00f3n de datos personales dirigiendo una comunicaci\u00f3n por escrito al domicilio social de ASCENSORS SOLER S.A. o al correo electr\u00f3nico habilitado a tal efecto, info@ascensors-soler.cat , incluyendo en ambos casos fotocopia de su DNI u otro documento de identificaci\u00f3n equivalente.<\/p>\n<p>Modelos, formularios y m\u00e1s informaci\u00f3n disponible sobre sus derechos en la p\u00e1gina web de la autoridad de control nacional, Agencia Espa\u00f1ola de Protecci\u00f3n de Datos, en adelante, AEPD, <a href=\"http:\/\/www.agpd.es\" target=\"_blank\" rel=\"noopener\">www.aepd.es <\/a><\/p>\n<p>[\/et_pb_text][\/et_pb_column][\/et_pb_row][et_pb_row background_position=\u00bbtop_left\u00bb background_repeat=\u00bbrepeat\u00bb background_size=\u00bbinitial\u00bb][et_pb_column type=\u00bb1_4&#8243;][et_pb_text admin_label=\u00bb\u00bfPuedo retirar el consentimiento?\u00bb text_orientation=\u00bbright\u00bb text_font_size=\u00bb14&#8243; use_border_color=\u00bboff\u00bb border_color=\u00bb#ffffff\u00bb border_style=\u00bbsolid\u00bb background_position=\u00bbtop_left\u00bb background_repeat=\u00bbrepeat\u00bb background_size=\u00bbinitial\u00bb _builder_version=\u00bb3.19.12&#8243;]<\/p>\n<h4>\u00bfPuedo retirar el consentimiento?<\/h4>\n<p>[\/et_pb_text][\/et_pb_column][et_pb_column type=\u00bb3_4&#8243;][et_pb_text admin_label=\u00bb\u00bfPuedo retirar el consentimiento?\u00bb text_font_size=\u00bb14&#8243; use_border_color=\u00bboff\u00bb border_color=\u00bb#ffffff\u00bb border_style=\u00bbsolid\u00bb custom_margin=\u00bb||5%|\u00bb background_position=\u00bbtop_left\u00bb background_repeat=\u00bbrepeat\u00bb background_size=\u00bbinitial\u00bb _builder_version=\u00bb3.19.12&#8243;]<\/p>\n<p style=\"text-align: left;\">Usted tiene la posibilidad y el derecho a retirar el consentimiento para cualquiera finalidad espec\u00edfica otorgada en su momento, sin que ello afecte a la licitud del tratamiento basado en el consentimiento previo a su retirada.<\/p>\n<p>[\/et_pb_text][\/et_pb_column][\/et_pb_row][et_pb_row background_position=\u00bbtop_left\u00bb background_repeat=\u00bbrepeat\u00bb background_size=\u00bbinitial\u00bb][et_pb_column type=\u00bb1_4&#8243;][et_pb_text admin_label=\u00bb\u00bfD\u00f3nde puedo reclamar en caso de que considere que no se tratan mis datos correctamente?\u00bb text_orientation=\u00bbright\u00bb text_font_size=\u00bb14&#8243; use_border_color=\u00bboff\u00bb border_color=\u00bb#ffffff\u00bb border_style=\u00bbsolid\u00bb background_position=\u00bbtop_left\u00bb background_repeat=\u00bbrepeat\u00bb background_size=\u00bbinitial\u00bb _builder_version=\u00bb3.19.12&#8243;]<\/p>\n<h4>\u00bfD\u00f3nde puedo reclamar en caso de que considere que no se tratan mis datos correctamente?<\/h4>\n<p>[\/et_pb_text][\/et_pb_column][et_pb_column type=\u00bb3_4&#8243;][et_pb_text admin_label=\u00bb\u00bfD\u00f3nde puedo reclamar en caso de que considere que no se tratan mis datos correctamente?\u00bb text_font_size=\u00bb14&#8243; use_border_color=\u00bboff\u00bb border_color=\u00bb#ffffff\u00bb border_style=\u00bbsolid\u00bb custom_margin=\u00bb||5%|\u00bb background_position=\u00bbtop_left\u00bb background_repeat=\u00bbrepeat\u00bb background_size=\u00bbinitial\u00bb _builder_version=\u00bb3.19.12&#8243;]<\/p>\n<p style=\"text-align: left;\">Si alg\u00fan interesado considera que sus datos no son tratados correctamente por ASCENSORS SOLER S.A. puede dirigir sus reclamaciones al correo info@ascensors-soler.cat o a la autoridad de protecci\u00f3n de datos que corresponda, siendo la AEPD la indicada en el territorio nacional, <a href=\"http:\/\/www.agpd.es\" target=\"_blank\" rel=\"noopener\">www.aepd.es<\/a><\/p>\n<p>[\/et_pb_text][\/et_pb_column][\/et_pb_row][et_pb_row background_position=\u00bbtop_left\u00bb background_repeat=\u00bbrepeat\u00bb background_size=\u00bbinitial\u00bb][et_pb_column type=\u00bb1_4&#8243;][et_pb_text admin_label=\u00bbSeguridad y actualizaci\u00f3n de sus datos personales\u00bb text_orientation=\u00bbright\u00bb text_font_size=\u00bb14&#8243; use_border_color=\u00bboff\u00bb border_color=\u00bb#ffffff\u00bb border_style=\u00bbsolid\u00bb background_position=\u00bbtop_left\u00bb background_repeat=\u00bbrepeat\u00bb background_size=\u00bbinitial\u00bb _builder_version=\u00bb3.19.12&#8243;]<\/p>\n<h4>Seguridad y actualizaci\u00f3n de sus datos personales<\/h4>\n<p>[\/et_pb_text][\/et_pb_column][et_pb_column type=\u00bb3_4&#8243;][et_pb_text admin_label=\u00bbSeguridad y actualizaci\u00f3n de sus datos personales\u00bb text_font_size=\u00bb14&#8243; use_border_color=\u00bboff\u00bb border_color=\u00bb#ffffff\u00bb border_style=\u00bbsolid\u00bb custom_margin=\u00bb||5%|\u00bb background_position=\u00bbtop_left\u00bb background_repeat=\u00bbrepeat\u00bb background_size=\u00bbinitial\u00bb _builder_version=\u00bb3.19.12&#8243;]<\/p>\n<p style=\"text-align: left;\">Con el objetivo de salvaguardar la seguridad de sus datos personales, le informamos que ASCENSORS SOLER S.A. ha adoptado todas las medidas de \u00edndole t\u00e9cnica y organizativa necesarias para garantizar la seguridad de los datos personales suministrados. Todo ello para evitar su alteraci\u00f3n, p\u00e9rdida, y\/o tratamientos o accesos no autorizados, tal como exige la normativa, si bien la seguridad absoluta no existe. <\/p>\n<p style=\"text-align: left;\">Es importante que, para que podamos mantener sus datos personales actualizados, nos informe siempre que se produzca una modificaci\u00f3n de los mismos.<\/p>\n<p>[\/et_pb_text][\/et_pb_column][\/et_pb_row][et_pb_row background_position=\u00bbtop_left\u00bb background_repeat=\u00bbrepeat\u00bb background_size=\u00bbinitial\u00bb][et_pb_column type=\u00bb1_4&#8243;][et_pb_text admin_label=\u00bbConfidencialidad\u00bb text_orientation=\u00bbright\u00bb text_font_size=\u00bb14&#8243; use_border_color=\u00bboff\u00bb background_position=\u00bbtop_left\u00bb background_repeat=\u00bbrepeat\u00bb background_size=\u00bbinitial\u00bb _builder_version=\u00bb3.19.12&#8243;]<\/p>\n<h4>Confidencialidad<\/h4>\n<p>[\/et_pb_text][\/et_pb_column][et_pb_column type=\u00bb3_4&#8243;][et_pb_text admin_label=\u00bbConfidencialidad\u00bb text_font_size=\u00bb14&#8243; use_border_color=\u00bboff\u00bb border_color=\u00bb#ffffff\u00bb border_style=\u00bbsolid\u00bb custom_margin=\u00bb||5%|\u00bb background_position=\u00bbtop_left\u00bb background_repeat=\u00bbrepeat\u00bb background_size=\u00bbinitial\u00bb _builder_version=\u00bb3.19.12&#8243;]<\/p>\n<p style=\"text-align: left;\">ASCENSORS SOLER S.A. le informa que sus datos ser\u00e1n tratados con el m\u00e1ximo celo y confidencialidad por todo el personal que intervenga en cualquiera de las fases del tratamiento. No cederemos ni comunicaremos a ning\u00fan tercero sus datos, excepto en los casos legalmente previstos, o salvo que el interesado nos hubiera autorizado expresamente.<\/p>\n<p>[\/et_pb_text][\/et_pb_column][\/et_pb_row][\/et_pb_section][et_pb_section bb_built=\u00bb1&#8243; fullwidth=\u00bboff\u00bb specialty=\u00bboff\u00bb prev_background_color=\u00bb#000000&#8243;][et_pb_row background_position=\u00bbtop_left\u00bb background_repeat=\u00bbrepeat\u00bb background_size=\u00bbinitial\u00bb][et_pb_column type=\u00bb4_4&#8243;][\/et_pb_column][\/et_pb_row][\/et_pb_section]<\/p>\n","protected":false},"excerpt":{"rendered":"<p>Siguiendo los principios de licitud, lealtad y transparencia, ponemos a su disposici\u00f3n la presente Pol\u00edtica de Privacidad. \u00bfQui\u00e9n es el Responsable del tratamiento de sus datos? ASCENSORS SOLER S.A.CIF: A08223612DOMICILIO SOCIAL: LES MORERES 93 &#8211; 95, P.I. L\u2019ESTRUCH, 08820, EL PRAT DE LLOBREGAT, BARCELONAEmail: info@ascensors-soler.cat Tel\u00e9fono: 934216911 \u00bfCon qu\u00e9 finalidad tratamos sus datos personales? En [&hellip;]<\/p>\n","protected":false},"author":1,"featured_media":0,"parent":0,"menu_order":0,"comment_status":"closed","ping_status":"closed","template":"","meta":{"_et_pb_use_builder":"on","_et_pb_old_content":"","_et_gb_content_width":"","footnotes":""},"class_list":["post-5475","page","type-page","status-publish","hentry"],"_links":{"self":[{"href":"https:\/\/www.ascensors-soler.cat\/es\/wp-json\/wp\/v2\/pages\/5475","targetHints":{"allow":["GET"]}}],"collection":[{"href":"https:\/\/www.ascensors-soler.cat\/es\/wp-json\/wp\/v2\/pages"}],"about":[{"href":"https:\/\/www.ascensors-soler.cat\/es\/wp-json\/wp\/v2\/types\/page"}],"author":[{"embeddable":true,"href":"https:\/\/www.ascensors-soler.cat\/es\/wp-json\/wp\/v2\/users\/1"}],"replies":[{"embeddable":true,"href":"https:\/\/www.ascensors-soler.cat\/es\/wp-json\/wp\/v2\/comments?post=5475"}],"version-history":[{"count":0,"href":"https:\/\/www.ascensors-soler.cat\/es\/wp-json\/wp\/v2\/pages\/5475\/revisions"}],"wp:attachment":[{"href":"https:\/\/www.ascensors-soler.cat\/es\/wp-json\/wp\/v2\/media?parent=5475"}],"curies":[{"name":"wp","href":"https:\/\/api.w.org\/{rel}","templated":true}]}}