{"id":5348,"date":"2019-02-15T01:20:08","date_gmt":"2019-02-15T00:20:08","guid":{"rendered":"https:\/\/www.ascensors-soler.cat\/instal%c2%b7lacio-de-plataformes-de-carrega-acompanyada\/"},"modified":"2023-12-12T18:42:59","modified_gmt":"2023-12-12T17:42:59","slug":"instalacion-de-plataformas-de-carga-acompanada","status":"publish","type":"page","link":"https:\/\/www.ascensors-soler.cat\/es\/instalacion-de-plataformas-de-carga-acompanada\/","title":{"rendered":"Instalaci\u00f3n de plataformas de carga acompa\u00f1ada"},"content":{"rendered":"<p>[et_pb_section fb_built=\u00bb1&#8243; _builder_version=\u00bb4.16&#8243; background_color=\u00bb#000000&#8243; custom_margin=\u00bb0px||0px|\u00bb custom_padding=\u00bb0px||0px|\u00bb global_colors_info=\u00bb{}\u00bb][et_pb_row _builder_version=\u00bb4.16&#8243; custom_padding=\u00bb50px||7px|\u00bb global_colors_info=\u00bb{}\u00bb][et_pb_column type=\u00bb4_4&#8243; _builder_version=\u00bb4.16&#8243; custom_padding=\u00bb|||\u00bb global_colors_info=\u00bb{}\u00bb custom_padding__hover=\u00bb|||\u00bb][et_pb_text _builder_version=\u00bb4.16&#8243; header_font=\u00bb|300||on|||||\u00bb header_text_color=\u00bb#ffffff\u00bb header_font_size=\u00bb28px\u00bb global_colors_info=\u00bb{}\u00bb]<\/p>\n<h1 class=\"titulo_pagina\" style=\"text-align: center;\">Instalaci\u00f3n de <strong>plataformas de carga acompa\u00f1ada<\/strong><\/h1>\n<p>[\/et_pb_text][\/et_pb_column][\/et_pb_row][\/et_pb_section][et_pb_section fb_built=\u00bb1&#8243; _builder_version=\u00bb4.16&#8243; global_colors_info=\u00bb{}\u00bb][et_pb_row _builder_version=\u00bb4.16&#8243; background_size=\u00bbinitial\u00bb background_position=\u00bbtop_left\u00bb background_repeat=\u00bbrepeat\u00bb global_colors_info=\u00bb{}\u00bb column_structure=\u00bb1_2,1_2&#8243;][et_pb_column type=\u00bb1_2&#8243; _builder_version=\u00bb4.16&#8243; custom_padding=\u00bb|||\u00bb global_colors_info=\u00bb{}\u00bb custom_padding__hover=\u00bb|||\u00bb][et_pb_image src=\u00bbhttps:\/\/www.ascensors-soler.cat\/wp-content\/uploads\/2019\/02\/foto-carrega-acompanyada.jpg\u00bb align_tablet=\u00bbcenter\u00bb align_last_edited=\u00bbon|desktop\u00bb _builder_version=\u00bb4.16&#8243; global_colors_info=\u00bb{}\u00bb align_phone=\u00bbcenter\u00bb][\/et_pb_image][\/et_pb_column][et_pb_column type=\u00bb1_2&#8243; _builder_version=\u00bb4.16&#8243; custom_padding=\u00bb|||\u00bb global_colors_info=\u00bb{}\u00bb custom_padding__hover=\u00bb|||\u00bb][et_pb_text _builder_version=\u00bb4.16&#8243; text_text_color=\u00bb#4799c9&#8243; text_font_size=\u00bb20px\u00bb text_line_height=\u00bb1.1em\u00bb global_colors_info=\u00bb{}\u00bb]<\/p>\n<p>La plataforma de carga acompa\u00f1ada permite que una persona viaje con la carga, y por tanto, agiliza y abarata los trabajos de carga-transporte-descarga de materiales.<\/p>\n<p>[\/et_pb_text][et_pb_text _builder_version=\u00bb4.16&#8243; global_colors_info=\u00bb{}\u00bb]<\/p>\n<p>Este trabajo se realiza con la m\u00e1xima seguridad, ya que la plataforma es cabinada y equipada con cortinas fotoel\u00e9ctricas en los embarques, y dise\u00f1ada bajo la directiva de maquinas 2006\/42\/CEE.<\/p>\n<p>[\/et_pb_text][\/et_pb_column][\/et_pb_row][\/et_pb_section][et_pb_section fb_built=\u00bb1&#8243; disabled_on=\u00bboff|off|off\u00bb _builder_version=\u00bb4.16&#8243; background_color=\u00bb#f4f4f4&#8243; global_colors_info=\u00bb{}\u00bb][et_pb_row _builder_version=\u00bb4.16&#8243; global_colors_info=\u00bb{}\u00bb][et_pb_column type=\u00bb4_4&#8243; _builder_version=\u00bb4.16&#8243; custom_padding=\u00bb|||\u00bb global_colors_info=\u00bb{}\u00bb custom_padding__hover=\u00bb|||\u00bb][et_pb_text _builder_version=\u00bb4.16&#8243; header_font=\u00bb|700||on|||||\u00bb header_text_color=\u00bb#1a3f74&#8243; header_font_size=\u00bb32px\u00bb header_2_font=\u00bb|700||on|||||\u00bb header_2_text_color=\u00bb#1a3f74&#8243; header_2_font_size=\u00bb22px\u00bb border_width_bottom=\u00bb2px\u00bb border_color_bottom=\u00bb#1a3f74&#8243; global_colors_info=\u00bb{}\u00bb]<\/p>\n<h2 style=\"text-align: left;\">PROJECTES REALITZATS<\/h2>\n<p>[\/et_pb_text][\/et_pb_column][\/et_pb_row][et_pb_row _builder_version=\u00bb4.16&#8243; background_size=\u00bbinitial\u00bb background_position=\u00bbtop_left\u00bb background_repeat=\u00bbrepeat\u00bb global_colors_info=\u00bb{}\u00bb][et_pb_column type=\u00bb4_4&#8243; _builder_version=\u00bb4.16&#8243; custom_padding=\u00bb|||\u00bb global_colors_info=\u00bb{}\u00bb custom_padding__hover=\u00bb|||\u00bb][et_pb_portfolio fullwidth=\u00bboff\u00bb posts_number=\u00bb28&#8243; include_categories=\u00bb61&#8243; show_categories=\u00bboff\u00bb zoom_icon_color=\u00bb#1a3f74&#8243; _builder_version=\u00bb4.16&#8243; title_font=\u00bb||on||||||\u00bb title_font_size=\u00bb17&#8243; title_line_height=\u00bb1.3em\u00bb global_colors_info=\u00bb{}\u00bb][\/et_pb_portfolio][\/et_pb_column][\/et_pb_row][\/et_pb_section]<\/p>\n","protected":false},"excerpt":{"rendered":"<p>Instalaci\u00f3n de plataformas de carga acompa\u00f1ada La plataforma de carga acompa\u00f1ada permite que una persona viaje con la carga, y por tanto, agiliza y abarata los trabajos de carga-transporte-descarga de materiales. Este trabajo se realiza con la m\u00e1xima seguridad, ya que la plataforma es cabinada y equipada con cortinas fotoel\u00e9ctricas en los embarques, y dise\u00f1ada [&hellip;]<\/p>\n","protected":false},"author":1,"featured_media":0,"parent":0,"menu_order":0,"comment_status":"closed","ping_status":"closed","template":"","meta":{"_et_pb_use_builder":"on","_et_pb_old_content":"","_et_gb_content_width":"","footnotes":""},"class_list":["post-5348","page","type-page","status-publish","hentry"],"_links":{"self":[{"href":"https:\/\/www.ascensors-soler.cat\/es\/wp-json\/wp\/v2\/pages\/5348","targetHints":{"allow":["GET"]}}],"collection":[{"href":"https:\/\/www.ascensors-soler.cat\/es\/wp-json\/wp\/v2\/pages"}],"about":[{"href":"https:\/\/www.ascensors-soler.cat\/es\/wp-json\/wp\/v2\/types\/page"}],"author":[{"embeddable":true,"href":"https:\/\/www.ascensors-soler.cat\/es\/wp-json\/wp\/v2\/users\/1"}],"replies":[{"embeddable":true,"href":"https:\/\/www.ascensors-soler.cat\/es\/wp-json\/wp\/v2\/comments?post=5348"}],"version-history":[{"count":1,"href":"https:\/\/www.ascensors-soler.cat\/es\/wp-json\/wp\/v2\/pages\/5348\/revisions"}],"predecessor-version":[{"id":6885,"href":"https:\/\/www.ascensors-soler.cat\/es\/wp-json\/wp\/v2\/pages\/5348\/revisions\/6885"}],"wp:attachment":[{"href":"https:\/\/www.ascensors-soler.cat\/es\/wp-json\/wp\/v2\/media?parent=5348"}],"curies":[{"name":"wp","href":"https:\/\/api.w.org\/{rel}","templated":true}]}}