{"id":5346,"date":"2019-02-15T01:11:46","date_gmt":"2019-02-15T00:11:46","guid":{"rendered":"https:\/\/www.ascensors-soler.cat\/instal%c2%b7lacio-de-plataformes-de-carrega\/"},"modified":"2019-03-05T12:35:35","modified_gmt":"2019-03-05T11:35:35","slug":"instalacion-de-plataformas-de-carga","status":"publish","type":"page","link":"https:\/\/www.ascensors-soler.cat\/es\/instalacion-de-plataformas-de-carga\/","title":{"rendered":"Instalaci\u00f3n de plataformas de carga"},"content":{"rendered":"<p>[et_pb_section bb_built=\u00bb1&#8243; specialty=\u00bboff\u00bb _builder_version=\u00bb3.17.6&#8243; next_background_color=\u00bb#ffffff\u00bb background_color=\u00bb#000000&#8243; custom_margin=\u00bb0px||0px|\u00bb custom_padding=\u00bb0px||0px|\u00bb][et_pb_row _builder_version=\u00bb3.17.6&#8243; custom_padding=\u00bb50px||7px|\u00bb][et_pb_column type=\u00bb4_4&#8243;][et_pb_text _builder_version=\u00bb3.19.12&#8243; header_font=\u00bb|300||on|||||\u00bb header_font_size=\u00bb28px\u00bb header_text_color=\u00bb#ffffff\u00bb]<\/p>\n<h1 class=\"titulo_pagina\" style=\"text-align: center;\">Instalaci\u00f3n de <strong>plataformas de carga<\/strong><\/h1>\n<p>[\/et_pb_text][\/et_pb_column][\/et_pb_row][\/et_pb_section][et_pb_section bb_built=\u00bb1&#8243; specialty=\u00bboff\u00bb _builder_version=\u00bb3.17.6&#8243; next_background_color=\u00bb#f4f4f4&#8243; prev_background_color=\u00bb#000000&#8243;][et_pb_row][et_pb_column type=\u00bb1_2&#8243;][et_pb_image _builder_version=\u00bb3.19.12&#8243; src=\u00bbhttps:\/\/www.ascensors-soler.cat\/wp-content\/uploads\/2019\/02\/PlataformadeCarrega.jpg\u00bb \/][\/et_pb_column][et_pb_column type=\u00bb1_2&#8243;][et_pb_text _builder_version=\u00bb3.19.12&#8243; text_text_color=\u00bb#4799c9&#8243; text_font_size=\u00bb20px\u00bb text_line_height=\u00bb1.1em\u00bb]<\/p>\n<p>Las\u00a0<strong>plataformas de carga<\/strong>, que se fabrican conforme la Directiva de m\u00e1quinas 89\/392 CEE, pueden transportar cualquier tipo de carga, desde 100 kg a 40 Tn, en cualquier condici\u00f3n, fr\u00edo extremo, intemperie, atm\u00f3sferas explosivas.<\/p>\n<p>[\/et_pb_text][et_pb_text _builder_version=\u00bb3.19.12&#8243;]<\/p>\n<p>Las plataformas de carga, se construyen depende de las necesidades, en uno, dos o cuatro pistones oleodin\u00e1micos, y las puertas de acceso se pueden adaptar a cualquier dimensi\u00f3n y conforme a la norma EN-81-58.<\/p>\n<p>Las diferentes posibilidades de embarque de las\u00a0<strong>plataformas de carga<\/strong>\u00a0pueden ser: simple, doble o triple y con una, dos o incluso tres puertas por rellano.<\/p>\n<p>[\/et_pb_text][\/et_pb_column][\/et_pb_row][\/et_pb_section][et_pb_section bb_built=\u00bb1&#8243; specialty=\u00bboff\u00bb prev_background_color=\u00bb#ffffff\u00bb _builder_version=\u00bb3.17.6&#8243; background_color=\u00bb#f4f4f4&#8243;][et_pb_row _builder_version=\u00bb3.17.6&#8243;][et_pb_column type=\u00bb4_4&#8243;][et_pb_text _builder_version=\u00bb3.19.12&#8243; header_font=\u00bb|700||on|||||\u00bb header_font_size=\u00bb32px\u00bb header_text_color=\u00bb#1a3f74&#8243; header_2_text_color=\u00bb#1a3f74&#8243; header_2_font=\u00bb|700||on|||||\u00bb border_width_bottom=\u00bb2px\u00bb border_color_bottom=\u00bb#1a3f74&#8243; header_2_font_size=\u00bb22px\u00bb]<\/p>\n<h2 style=\"text-align: left;\">PROYECTOS REALIZADOS<\/h2>\n<p>[\/et_pb_text][\/et_pb_column][\/et_pb_row][et_pb_row][et_pb_column type=\u00bb4_4&#8243;][et_pb_portfolio _builder_version=\u00bb3.19.12&#8243; posts_number=\u00bb28&#8243; show_categories=\u00bboff\u00bb fullwidth=\u00bboff\u00bb zoom_icon_color=\u00bb#1a3f74&#8243; hover_overlay_color=\u00bbrgba(255,255,255,0.9)\u00bb include_categories=\u00bb41&#8243; title_font=\u00bb||on||||||\u00bb title_font_size=\u00bb17&#8243; title_line_height=\u00bb1.3em\u00bb \/][\/et_pb_column][\/et_pb_row][\/et_pb_section]<\/p>\n","protected":false},"excerpt":{"rendered":"<p>Instalaci\u00f3n de plataformas de carga <div class=\"et_pb_row et_pb_row_0 et_pb_row_empty\">\n\t\t\t\t\n\t\t\t\t\n\t\t\t\t\n\t\t\t\t\n\t\t\t\t\n\t\t\t<\/div> Las\u00a0plataformas de carga, que se fabrican conforme la Directiva de m\u00e1quinas 89\/392 CEE, pueden transportar cualquier tipo de carga, desde 100 kg a 40 Tn, en cualquier condici\u00f3n, fr\u00edo extremo, intemperie, atm\u00f3sferas explosivas. Las plataformas de carga, se construyen depende de las necesidades, en uno, dos o cuatro pistones [&hellip;]<\/p>\n","protected":false},"author":1,"featured_media":0,"parent":0,"menu_order":0,"comment_status":"closed","ping_status":"closed","template":"","meta":{"_et_pb_use_builder":"on","_et_pb_old_content":"","_et_gb_content_width":"","footnotes":""},"class_list":["post-5346","page","type-page","status-publish","hentry"],"_links":{"self":[{"href":"https:\/\/www.ascensors-soler.cat\/es\/wp-json\/wp\/v2\/pages\/5346","targetHints":{"allow":["GET"]}}],"collection":[{"href":"https:\/\/www.ascensors-soler.cat\/es\/wp-json\/wp\/v2\/pages"}],"about":[{"href":"https:\/\/www.ascensors-soler.cat\/es\/wp-json\/wp\/v2\/types\/page"}],"author":[{"embeddable":true,"href":"https:\/\/www.ascensors-soler.cat\/es\/wp-json\/wp\/v2\/users\/1"}],"replies":[{"embeddable":true,"href":"https:\/\/www.ascensors-soler.cat\/es\/wp-json\/wp\/v2\/comments?post=5346"}],"version-history":[{"count":0,"href":"https:\/\/www.ascensors-soler.cat\/es\/wp-json\/wp\/v2\/pages\/5346\/revisions"}],"wp:attachment":[{"href":"https:\/\/www.ascensors-soler.cat\/es\/wp-json\/wp\/v2\/media?parent=5346"}],"curies":[{"name":"wp","href":"https:\/\/api.w.org\/{rel}","templated":true}]}}