{"id":5343,"date":"2019-01-29T22:16:16","date_gmt":"2019-01-29T21:16:16","guid":{"rendered":"https:\/\/www.ascensors-soler.cat\/plataformes\/"},"modified":"2019-03-08T13:11:16","modified_gmt":"2019-03-08T12:11:16","slug":"plataformas","status":"publish","type":"page","link":"https:\/\/www.ascensors-soler.cat\/es\/plataformas\/","title":{"rendered":"Plataformas"},"content":{"rendered":"<p>[et_pb_section bb_built=\u00bb1&#8243; specialty=\u00bboff\u00bb _builder_version=\u00bb3.17.6&#8243; next_background_color=\u00bb#ffffff\u00bb background_color=\u00bb#000000&#8243; custom_margin=\u00bb0px||0px|\u00bb custom_padding=\u00bb0px||0px|\u00bb][et_pb_row _builder_version=\u00bb3.17.6&#8243; custom_padding=\u00bb50px||7px|\u00bb][et_pb_column type=\u00bb4_4&#8243;][et_pb_text _builder_version=\u00bb3.19.12&#8243; header_font=\u00bb|300||on|||||\u00bb header_font_size=\u00bb28px\u00bb header_text_color=\u00bb#ffffff\u00bb]<\/p>\n<h1 style=\"text-align: center;\">Instalaci\u00f3n de <strong>PLATAFORMAS<\/strong><\/h1>\n<p>[\/et_pb_text][\/et_pb_column][\/et_pb_row][\/et_pb_section][et_pb_section bb_built=\u00bb1&#8243; specialty=\u00bboff\u00bb _builder_version=\u00bb3.17.6&#8243; next_background_color=\u00bb#f4f4f4&#8243; prev_background_color=\u00bb#000000&#8243;][et_pb_row _builder_version=\u00bb3.17.6&#8243; custom_css_main_2=\u00bbwidth: 35.667% !important;\u00bb custom_css_main_3=\u00bbwidth: 23.667% !important;\u00bb disabled_on=\u00bbon|on|\u00bb disabled=\u00bboff\u00bb][et_pb_column type=\u00bb1_3&#8243;][et_pb_image _builder_version=\u00bb3.19.12&#8243; src=\u00bbhttps:\/\/www.ascensors-soler.cat\/wp-content\/uploads\/2019\/02\/PlataformadeCarrega.jpg\u00bb \/][\/et_pb_column][et_pb_column type=\u00bb1_3&#8243;][et_pb_text _builder_version=\u00bb3.19.12&#8243;]<\/p>\n<p>Las plataformas que instala, conserva y repara Ascensors Soler, estan dentro de la directiva de maquinas 2006\/42\/CEE y pueden transportar desde 50 Kg a 10000 Kg en cualquier condici\u00f3n, fr\u00edo extremo, intemp\u00e8rie o atmosfera explosiva.<\/p>\n<p>Y en cada caso estudiamos la mejor soluci\u00f3n segun el tipo, volumen, peso y desnivel a servir.<\/p>\n<p>[\/et_pb_text][\/et_pb_column][et_pb_column type=\u00bb1_3&#8243;][et_pb_button admin_label=\u00bbPlataformas de carga\u00bb _builder_version=\u00bb3.19.12&#8243; button_text=\u00bbPlataformas de carga\u00bb button_alignment=\u00bbcenter\u00bb custom_css_main_element=\u00bbwidth: 100% !important;\u00bb custom_margin=\u00bb||4%|\u00bb button_url=\u00bb\/es\/instalacion-de-plataformas-de-carga\/\u00bb \/][et_pb_button admin_label=\u00bbPlataformas de carga acompa\u00f1ada\u00bb _builder_version=\u00bb3.19.12&#8243; button_text=\u00bbPlataformas de carga acompa\u00f1ada\u00bb button_alignment=\u00bbcenter\u00bb custom_css_main_element=\u00bbwidth: 100% !important;\u00bb custom_margin=\u00bb||4%|\u00bb button_url=\u00bb\/es\/instalacion-de-plataformas-de-carga-acompanada\/\u00bb \/][et_pb_button admin_label=\u00bbPlataformas de tijera\u00bb _builder_version=\u00bb3.19.12&#8243; button_text=\u00bbPlataformas de tijera\u00bb button_alignment=\u00bbcenter\u00bb custom_css_main_element=\u00bbwidth: 100% !important;\u00bb custom_margin=\u00bb||4%|\u00bb button_url=\u00bb\/es\/instalacion-de-plataformas-de-tijera\/\u00bb \/][et_pb_button admin_label=\u00bbSube-escaleras\u00bb _builder_version=\u00bb3.19.12&#8243; button_text=\u00bbSube-escaleras\u00bb button_alignment=\u00bbcenter\u00bb custom_css_main_element=\u00bbwidth: 100% !important;\u00bb custom_margin=\u00bb||4%|\u00bb button_url=\u00bb\/es\/instalacion-de-sube-escaleras\/\u00bb \/][et_pb_button admin_label=\u00bbMontaplatos \/ Montadocumentos \u00bb _builder_version=\u00bb3.19.12&#8243; button_text=\u00bbMontaplatos i Montadocumentos \u00bb button_alignment=\u00bbcenter\u00bb custom_css_main_element=\u00bbwidth: 100% !important;\u00bb custom_margin=\u00bb||4%|\u00bb button_url=\u00bb\/es\/instalacion-de-montaplatos-i-montadocumentos\/\u00bb \/][et_pb_button admin_label=\u00bbMinicargas\u00bb _builder_version=\u00bb3.19.12&#8243; button_text=\u00bbMinicargas\u00bb button_alignment=\u00bbcenter\u00bb custom_css_main_element=\u00bbwidth: 100% !important;\u00bb custom_margin=\u00bb||4%|\u00bb button_url=\u00bb\/es\/instalacion-de-minicargas\/\u00bb \/][\/et_pb_column][\/et_pb_row][et_pb_row admin_label=\u00bbResponsive\u00bb _builder_version=\u00bb3.19.12&#8243; disabled_on=\u00bb||on\u00bb disabled=\u00bboff\u00bb collapsed=\u00bbon\u00bb][et_pb_column type=\u00bb1_3&#8243;][et_pb_image _builder_version=\u00bb3.19.12&#8243; src=\u00bbhttps:\/\/www.ascensors-soler.cat\/wp-content\/uploads\/2019\/01\/Puja-escales-inclinat.jpg\u00bb \/][\/et_pb_column][et_pb_column type=\u00bb1_3&#8243;][et_pb_text _builder_version=\u00bb3.19.12&#8243;]<\/p>\n<p>Las plataformas que instal\u00b7la, conserva y repara Ascensors Soler, estan dentro de la directiva de maquinas 2006\/42\/CEE y pueden transportar desde 50 Kg a 10000 Kg en cualquier condici\u00f3n, fr\u00edo extremo, intemp\u00e8rie o atmosfera explosiva.<\/p>\n<p>Y en cada caso estudiamos la mejor soluci\u00f3n segun el tipo, volumen, peso y desnivel a servir.<\/p>\n<p>[\/et_pb_text][\/et_pb_column][et_pb_column type=\u00bb1_3&#8243;][et_pb_button admin_label=\u00bbPlataformas de carga\u00bb _builder_version=\u00bb3.19.12&#8243; button_text=\u00bbPlataformas de carga\u00bb button_alignment=\u00bbcenter\u00bb custom_css_main_element=\u00bbwidth: 100% !important;\u00bb custom_margin=\u00bb||4%|\u00bb button_url=\u00bb\/es\/instalacion-de-plataformas-de-carga\/\u00bb \/][et_pb_button admin_label=\u00bbPlataformas de carga acompa\u00f1ada\u00bb _builder_version=\u00bb3.19.12&#8243; button_text=\u00bbPlataformas de carga acompa\u00f1ada\u00bb button_alignment=\u00bbcenter\u00bb custom_css_main_element=\u00bbwidth: 100% !important;\u00bb custom_margin=\u00bb||4%|\u00bb button_url=\u00bb\/es\/instalacion-de-plataformas-de-carga-acompanada\/\u00bb \/][et_pb_button admin_label=\u00bbPlataformas de tijera\u00bb _builder_version=\u00bb3.19.12&#8243; button_text=\u00bbPlataformas de tijera\u00bb button_alignment=\u00bbcenter\u00bb custom_css_main_element=\u00bbwidth: 100% !important;\u00bb custom_margin=\u00bb||4%|\u00bb button_url=\u00bb\/es\/instalacion-de-plataformas-de-tijera\/\u00bb \/][et_pb_button admin_label=\u00bbSube-escaleras\u00bb _builder_version=\u00bb3.19.12&#8243; button_text=\u00bbSube-escaleras\u00bb button_alignment=\u00bbcenter\u00bb custom_css_main_element=\u00bbwidth: 100% !important;\u00bb custom_margin=\u00bb||4%|\u00bb button_url=\u00bb\/es\/instalacion-de-sube-escaleras\/\u00bb \/][et_pb_button admin_label=\u00bbMontaplatos \/ Montadocumentos \u00bb _builder_version=\u00bb3.19.12&#8243; button_text=\u00bbMontaplatos i Montadocumentos \u00bb button_alignment=\u00bbcenter\u00bb custom_css_main_element=\u00bbwidth: 100% !important;\u00bb custom_margin=\u00bb||4%|\u00bb button_url=\u00bb\/es\/instalacion-de-montaplatos-i-montadocumentos\/\u00bb \/][et_pb_button admin_label=\u00bbMinicargas\u00bb _builder_version=\u00bb3.19.12&#8243; button_text=\u00bbMinicargas\u00bb button_alignment=\u00bbcenter\u00bb custom_css_main_element=\u00bbwidth: 100% !important;\u00bb custom_margin=\u00bb||4%|\u00bb button_url=\u00bb\/es\/instalacion-de-minicargas\/\u00bb \/][\/et_pb_column][\/et_pb_row][\/et_pb_section][et_pb_section bb_built=\u00bb1&#8243; specialty=\u00bboff\u00bb prev_background_color=\u00bb#ffffff\u00bb _builder_version=\u00bb3.17.6&#8243; background_color=\u00bb#f4f4f4&#8243;][et_pb_row _builder_version=\u00bb3.17.6&#8243;][et_pb_column type=\u00bb4_4&#8243;][et_pb_text _builder_version=\u00bb3.19.12&#8243; header_font=\u00bb|700||on|||||\u00bb header_font_size=\u00bb32px\u00bb header_text_color=\u00bb#1a3f74&#8243; header_2_text_color=\u00bb#1a3f74&#8243; header_2_font=\u00bb|700||on|||||\u00bb border_width_bottom=\u00bb2px\u00bb border_color_bottom=\u00bb#1a3f74&#8243; header_2_font_size=\u00bb22px\u00bb]<\/p>\n<h2 style=\"text-align: left;\">PROYECTOS REALIZADOS<\/h2>\n<p>[\/et_pb_text][\/et_pb_column][\/et_pb_row][et_pb_row][et_pb_column type=\u00bb4_4&#8243;][et_pb_portfolio _builder_version=\u00bb3.19.9&#8243; posts_number=\u00bb28&#8243; show_categories=\u00bboff\u00bb fullwidth=\u00bboff\u00bb zoom_icon_color=\u00bb#1a3f74&#8243; hover_overlay_color=\u00bbrgba(255,255,255,0.9)\u00bb include_categories=\u00bb40&#8243; title_font=\u00bb||on||||||\u00bb title_font_size=\u00bb17&#8243; title_line_height=\u00bb1.3em\u00bb \/][\/et_pb_column][\/et_pb_row][\/et_pb_section]<\/p>\n","protected":false},"excerpt":{"rendered":"<p>Instalaci\u00f3n de PLATAFORMAS Las plataformas que instala, conserva y repara Ascensors Soler, estan dentro de la directiva de maquinas 2006\/42\/CEE y pueden transportar desde 50 Kg a 10000 Kg en cualquier condici\u00f3n, fr\u00edo extremo, intemp\u00e8rie o atmosfera explosiva.Y en cada caso estudiamos la mejor soluci\u00f3n segun el tipo, volumen, peso y desnivel a servir. Las [&hellip;]<\/p>\n","protected":false},"author":1,"featured_media":0,"parent":0,"menu_order":0,"comment_status":"closed","ping_status":"closed","template":"","meta":{"_et_pb_use_builder":"on","_et_pb_old_content":"","_et_gb_content_width":"","footnotes":""},"class_list":["post-5343","page","type-page","status-publish","hentry"],"_links":{"self":[{"href":"https:\/\/www.ascensors-soler.cat\/es\/wp-json\/wp\/v2\/pages\/5343","targetHints":{"allow":["GET"]}}],"collection":[{"href":"https:\/\/www.ascensors-soler.cat\/es\/wp-json\/wp\/v2\/pages"}],"about":[{"href":"https:\/\/www.ascensors-soler.cat\/es\/wp-json\/wp\/v2\/types\/page"}],"author":[{"embeddable":true,"href":"https:\/\/www.ascensors-soler.cat\/es\/wp-json\/wp\/v2\/users\/1"}],"replies":[{"embeddable":true,"href":"https:\/\/www.ascensors-soler.cat\/es\/wp-json\/wp\/v2\/comments?post=5343"}],"version-history":[{"count":0,"href":"https:\/\/www.ascensors-soler.cat\/es\/wp-json\/wp\/v2\/pages\/5343\/revisions"}],"wp:attachment":[{"href":"https:\/\/www.ascensors-soler.cat\/es\/wp-json\/wp\/v2\/media?parent=5343"}],"curies":[{"name":"wp","href":"https:\/\/api.w.org\/{rel}","templated":true}]}}