{"id":5303,"date":"2019-02-14T23:58:24","date_gmt":"2019-02-14T22:58:24","guid":{"rendered":"https:\/\/www.ascensors-soler.cat\/instal%c2%b7lacio-dascensors-oleodinamics-sense-cambra\/"},"modified":"2019-03-05T12:27:46","modified_gmt":"2019-03-05T11:27:46","slug":"instalacion-de-ascensores-oleodinamicos-sin-cuarto","status":"publish","type":"page","link":"https:\/\/www.ascensors-soler.cat\/es\/instalacion-de-ascensores-oleodinamicos-sin-cuarto\/","title":{"rendered":"Instalaci\u00f3n de ascensores oleodin\u00e1micos sin cuarto"},"content":{"rendered":"<p>[et_pb_section bb_built=\u00bb1&#8243; specialty=\u00bboff\u00bb _builder_version=\u00bb3.17.6&#8243; next_background_color=\u00bb#ffffff\u00bb background_color=\u00bb#000000&#8243; custom_margin=\u00bb0px||0px|\u00bb custom_padding=\u00bb0px||0px|\u00bb][et_pb_row _builder_version=\u00bb3.17.6&#8243; custom_padding=\u00bb50px||7px|\u00bb][et_pb_column type=\u00bb4_4&#8243;][et_pb_text _builder_version=\u00bb3.19.12&#8243; header_font=\u00bb|300||on|||||\u00bb header_font_size=\u00bb28px\u00bb header_text_color=\u00bb#ffffff\u00bb]<\/p>\n<h1 class=\"titulo_pagina\" style=\"text-align: center;\">Instalaci\u00f3n de <strong>ascensores oleodin\u00e1micos sin cuarto<\/strong><\/h1>\n<p>[\/et_pb_text][\/et_pb_column][\/et_pb_row][\/et_pb_section][et_pb_section bb_built=\u00bb1&#8243; specialty=\u00bboff\u00bb _builder_version=\u00bb3.17.6&#8243; next_background_color=\u00bb#f4f4f4&#8243; prev_background_color=\u00bb#000000&#8243;][et_pb_row][et_pb_column type=\u00bb1_2&#8243;][et_pb_image _builder_version=\u00bb3.19.12&#8243; src=\u00bbhttps:\/\/www.ascensors-soler.cat\/wp-content\/uploads\/2019\/01\/Estacio\u0301-de-rodalies-Cabrera-de-Mar.jpg\u00bb \/][\/et_pb_column][et_pb_column type=\u00bb1_2&#8243;][et_pb_text _builder_version=\u00bb3.19.12&#8243; text_text_color=\u00bb#4799c9&#8243; text_font_size=\u00bb20px\u00bb text_line_height=\u00bb1.1em\u00bb]<\/p>\n<p>Los<strong>\u00a0ascensores oleodin\u00e1micos<\/strong>\u00a0tienen como ventajas, la sencillez de sus partes mec\u00e1nicas, no necesitan contrapeso y por lo tanto reducen los espacios necesarios para su instalaci\u00f3n, tienen un funcionamiento silencioso debido al sistema que utilizan; un pist\u00f3n de impulsi\u00f3n oleodin\u00e1mica y confort para el viajero gracias al grupo de v\u00e1lvulas que permite acelerar y desacelerar.<\/p>\n<p>[\/et_pb_text][et_pb_text _builder_version=\u00bb3.19.12&#8243;]<\/p>\n<p>Por el contrario, como m\u00e1ximo sirve 10 paradas, y la potencia el\u00e9ctrica necesaria es elevada.<\/p>\n<p><strong>Los elementos b\u00e1sicos de los ascensores oleodin\u00e1micos son:<\/strong><\/p>\n<ul>\n<li>Gu\u00edas y soportes \u00a0 \u00a0 \u00a0 \u00a0<\/li>\n<li>Chasis de cabina \u00a0 \u00a0 \u00a0 \u00a0 \u00a0 \u00a0 \u00a0 \u00a0 \u00a0 \u00a0 \u00a0 \u00a0 \u00a0 \u00a0 \u00a0 \u00a0<\/li>\n<li>Cables de suspensi\u00f3n<\/li>\n<li>Grupo impulsor \u00a0 \u00a0 \u00a0 \u00a0 \u00a0<\/li>\n<li>Pist\u00f3n \u00a0 \u00a0 \u00a0 \u00a0 \u00a0 \u00a0 \u00a0 \u00a0 \u00a0 \u00a0 \u00a0 \u00a0 \u00a0 \u00a0 \u00a0 \u00a0 \u00a0 \u00a0 \u00a0 \u00a0 \u00a0 \u00a0 \u00a0 \u00a0<\/li>\n<li>Limitador de velocidad \u00a0 \u00a0 \u00a0 \u00a0 \u00a0 \u00a0 \u00a0\u00a0<\/li>\n<li>Cuadro maniobra \u00a0 \u00a0 \u00a0<\/li>\n<li>Puertas de rellano y puertas cabina \u00a0 \u00a0<\/li>\n<li>Botoneras de rellanos y cabina \u00a0 \u00a0 \u00a0 \u00a0 \u00a0 \u00a0 \u00a0\u00a0<\/li>\n<li>Cabina \u00a0 \u00a0 \u00a0 \u00a0 \u00a0 \u00a0 \u00a0 \u00a0 \u00a0 \u00a0 \u00a0<\/li>\n<li>Instalaciones el\u00e9ctricas \u00a0 \u00a0 \u00a0 \u00a0 \u00a0 \u00a0 \u00a0 \u00a0 \u00a0 \u00a0 \u00a0<\/li>\n<li>Amortiguadores<\/li>\n<li>Armario compacto<\/li>\n<\/ul>\n<p>[\/et_pb_text][\/et_pb_column][\/et_pb_row][\/et_pb_section][et_pb_section bb_built=\u00bb1&#8243; specialty=\u00bboff\u00bb prev_background_color=\u00bb#ffffff\u00bb _builder_version=\u00bb3.17.6&#8243; background_color=\u00bb#f4f4f4&#8243;][et_pb_row _builder_version=\u00bb3.17.6&#8243;][et_pb_column type=\u00bb4_4&#8243;][et_pb_text _builder_version=\u00bb3.19.12&#8243; header_font=\u00bb|700||on|||||\u00bb header_font_size=\u00bb32px\u00bb header_text_color=\u00bb#1a3f74&#8243; header_2_text_color=\u00bb#1a3f74&#8243; header_2_font=\u00bb|700||on|||||\u00bb border_width_bottom=\u00bb2px\u00bb border_color_bottom=\u00bb#1a3f74&#8243; header_2_font_size=\u00bb22px\u00bb]<\/p>\n<h2 style=\"text-align: left;\">PROYECTOS REALIZADOS<\/h2>\n<p>[\/et_pb_text][\/et_pb_column][\/et_pb_row][et_pb_row][et_pb_column type=\u00bb4_4&#8243;][et_pb_portfolio _builder_version=\u00bb3.19.12&#8243; posts_number=\u00bb28&#8243; show_categories=\u00bboff\u00bb fullwidth=\u00bboff\u00bb zoom_icon_color=\u00bb#1a3f74&#8243; hover_overlay_color=\u00bbrgba(255,255,255,0.9)\u00bb include_categories=\u00bb35&#8243; title_font=\u00bb||on||||||\u00bb title_font_size=\u00bb17&#8243; title_line_height=\u00bb1.3em\u00bb \/][\/et_pb_column][\/et_pb_row][\/et_pb_section]<\/p>\n","protected":false},"excerpt":{"rendered":"<p>Instalaci\u00f3n de ascensores oleodin\u00e1micos sin cuarto <div class=\"et_pb_row et_pb_row_0 et_pb_row_empty\">\n\t\t\t\t\n\t\t\t\t\n\t\t\t\t\n\t\t\t\t\n\t\t\t\t\n\t\t\t<\/div> Los\u00a0ascensores oleodin\u00e1micos\u00a0tienen como ventajas, la sencillez de sus partes mec\u00e1nicas, no necesitan contrapeso y por lo tanto reducen los espacios necesarios para su instalaci\u00f3n, tienen un funcionamiento silencioso debido al sistema que utilizan; un pist\u00f3n de impulsi\u00f3n oleodin\u00e1mica y confort para el viajero gracias al grupo de v\u00e1lvulas [&hellip;]<\/p>\n","protected":false},"author":1,"featured_media":0,"parent":0,"menu_order":0,"comment_status":"closed","ping_status":"closed","template":"","meta":{"_et_pb_use_builder":"on","_et_pb_old_content":"","_et_gb_content_width":"","footnotes":""},"class_list":["post-5303","page","type-page","status-publish","hentry"],"_links":{"self":[{"href":"https:\/\/www.ascensors-soler.cat\/es\/wp-json\/wp\/v2\/pages\/5303","targetHints":{"allow":["GET"]}}],"collection":[{"href":"https:\/\/www.ascensors-soler.cat\/es\/wp-json\/wp\/v2\/pages"}],"about":[{"href":"https:\/\/www.ascensors-soler.cat\/es\/wp-json\/wp\/v2\/types\/page"}],"author":[{"embeddable":true,"href":"https:\/\/www.ascensors-soler.cat\/es\/wp-json\/wp\/v2\/users\/1"}],"replies":[{"embeddable":true,"href":"https:\/\/www.ascensors-soler.cat\/es\/wp-json\/wp\/v2\/comments?post=5303"}],"version-history":[{"count":0,"href":"https:\/\/www.ascensors-soler.cat\/es\/wp-json\/wp\/v2\/pages\/5303\/revisions"}],"wp:attachment":[{"href":"https:\/\/www.ascensors-soler.cat\/es\/wp-json\/wp\/v2\/media?parent=5303"}],"curies":[{"name":"wp","href":"https:\/\/api.w.org\/{rel}","templated":true}]}}