{"id":5298,"date":"2018-12-05T12:13:54","date_gmt":"2018-12-05T11:13:54","guid":{"rendered":"https:\/\/www.ascensors-soler.cat\/instal%c2%b7lacio-dascensors-electrics-amb-cambra-de-maquinaria\/"},"modified":"2019-03-05T12:24:26","modified_gmt":"2019-03-05T11:24:26","slug":"instalacion-de-ascensores-electricos-con-cuarto-de-maquinaria","status":"publish","type":"page","link":"https:\/\/www.ascensors-soler.cat\/es\/instalacion-de-ascensores-electricos-con-cuarto-de-maquinaria\/","title":{"rendered":"Instalaci\u00f3n de ascensores el\u00e9ctricos con cuarto de maquinaria"},"content":{"rendered":"<p>[et_pb_section bb_built=\u00bb1&#8243; specialty=\u00bboff\u00bb _builder_version=\u00bb3.17.6&#8243; next_background_color=\u00bb#ffffff\u00bb background_color=\u00bb#000000&#8243; custom_margin=\u00bb0px||0px|\u00bb custom_padding=\u00bb0px||0px|\u00bb][et_pb_row _builder_version=\u00bb3.17.6&#8243; custom_padding=\u00bb50px||7px|\u00bb][et_pb_column type=\u00bb4_4&#8243;][et_pb_text _builder_version=\u00bb3.19.12&#8243; header_font=\u00bb|300||on|||||\u00bb header_font_size=\u00bb28px\u00bb header_text_color=\u00bb#ffffff\u00bb]<\/p>\n<h1 class=\"titulo_pagina\" style=\"text-align: center;\">Instalaci\u00f3n de ascensores <strong>el\u00e9ctricos con cuarto de maquinaria<\/strong><\/h1>\n<p>[\/et_pb_text][\/et_pb_column][\/et_pb_row][\/et_pb_section][et_pb_section bb_built=\u00bb1&#8243; specialty=\u00bboff\u00bb _builder_version=\u00bb3.17.6&#8243; next_background_color=\u00bb#f4f4f4&#8243; prev_background_color=\u00bb#000000&#8243;][et_pb_row][et_pb_column type=\u00bb1_2&#8243;][et_pb_image _builder_version=\u00bb3.19.12&#8243; src=\u00bbhttps:\/\/www.ascensors-soler.cat\/wp-content\/uploads\/2019\/02\/Aamb-cambra.jpg\u00bb \/][\/et_pb_column][et_pb_column type=\u00bb1_2&#8243;][et_pb_text _builder_version=\u00bb3.19.12&#8243; text_text_color=\u00bb#4799c9&#8243; text_font_size=\u00bb20px\u00bb text_line_height=\u00bb1.1em\u00bb]<\/p>\n<p>Los ascensores el\u00e9ctricos para pasajeros que Ascensors Soler instala, van desde 100 Kg a 6000 Kg de carga, con velocidades de 0,1 m\/s a 4 m\/s, y para edificios desde 2 niveles hasta 50.<\/p>\n<p>[\/et_pb_text][et_pb_text _builder_version=\u00bb3.19.12&#8243;]<\/p>\n<p>El inicio de la elevaci\u00f3n moderna se remonta a mediados del siglo XIX (EGOtis 1852), los primeros ascensores eran de vapor, y fue en 1880 (W. von Siemens) cuando se construy\u00f3 el primer ascensor el\u00e9ctrico, esto significa un gran cambio constructivo que permiti\u00f3 hacer edificios mucho m\u00e1s altos que hasta entonces.<\/p>\n<p>Los primeros <strong>ascensores el\u00e9ctricos<\/strong>, disponen de cuarto de maquinaria, los llamamos ascensores el\u00e9ctricos cl\u00e1sicos, y aunque cada vez menos proyectados en obra nueva, se pueden suministrar con normalidad.<\/p>\n<p>En la actualidad hay dos elementos que se han incorporado al mundo del ascensor por su eficacia, confort y sobre todo, su sostenibilidad respecto a los sistemas precedentes, son el Variador de Frecuencia aplicado a la maniobra el\u00e9ctrica, y el grupo tractor sin reductor llamado Gearless.<\/p>\n<p>[\/et_pb_text][\/et_pb_column][\/et_pb_row][\/et_pb_section][et_pb_section bb_built=\u00bb1&#8243; specialty=\u00bboff\u00bb prev_background_color=\u00bb#ffffff\u00bb _builder_version=\u00bb3.17.6&#8243; background_color=\u00bb#f4f4f4&#8243;][et_pb_row _builder_version=\u00bb3.17.6&#8243;][et_pb_column type=\u00bb4_4&#8243;][et_pb_text _builder_version=\u00bb3.19.12&#8243; header_font=\u00bb|700||on|||||\u00bb header_font_size=\u00bb32px\u00bb header_text_color=\u00bb#1a3f74&#8243; header_2_text_color=\u00bb#1a3f74&#8243; header_2_font=\u00bb|700||on|||||\u00bb border_width_bottom=\u00bb2px\u00bb border_color_bottom=\u00bb#1a3f74&#8243; header_2_font_size=\u00bb22px\u00bb]<\/p>\n<h2 style=\"text-align: left;\">PROYECTOS REALIZADOS<\/h2>\n<p>[\/et_pb_text][\/et_pb_column][\/et_pb_row][et_pb_row][et_pb_column type=\u00bb4_4&#8243;][et_pb_portfolio _builder_version=\u00bb3.19.12&#8243; posts_number=\u00bb28&#8243; show_categories=\u00bboff\u00bb fullwidth=\u00bboff\u00bb zoom_icon_color=\u00bb#1a3f74&#8243; hover_overlay_color=\u00bbrgba(255,255,255,0.9)\u00bb include_categories=\u00bb64&#8243; title_font=\u00bb||on||||||\u00bb title_font_size=\u00bb17&#8243; title_line_height=\u00bb1.3em\u00bb \/][\/et_pb_column][\/et_pb_row][\/et_pb_section]<\/p>\n","protected":false},"excerpt":{"rendered":"<p>Instalaci\u00f3n de ascensores el\u00e9ctricos con cuarto de maquinaria <div class=\"et_pb_row et_pb_row_0 et_pb_row_empty\">\n\t\t\t\t\n\t\t\t\t\n\t\t\t\t\n\t\t\t\t\n\t\t\t\t\n\t\t\t<\/div> Los ascensores el\u00e9ctricos para pasajeros que Ascensors Soler instala, van desde 100 Kg a 6000 Kg de carga, con velocidades de 0,1 m\/s a 4 m\/s, y para edificios desde 2 niveles hasta 50. El inicio de la elevaci\u00f3n moderna se remonta a mediados del siglo [&hellip;]<\/p>\n","protected":false},"author":1,"featured_media":0,"parent":0,"menu_order":0,"comment_status":"closed","ping_status":"closed","template":"","meta":{"_et_pb_use_builder":"on","_et_pb_old_content":"","_et_gb_content_width":"","footnotes":""},"class_list":["post-5298","page","type-page","status-publish","hentry"],"_links":{"self":[{"href":"https:\/\/www.ascensors-soler.cat\/es\/wp-json\/wp\/v2\/pages\/5298","targetHints":{"allow":["GET"]}}],"collection":[{"href":"https:\/\/www.ascensors-soler.cat\/es\/wp-json\/wp\/v2\/pages"}],"about":[{"href":"https:\/\/www.ascensors-soler.cat\/es\/wp-json\/wp\/v2\/types\/page"}],"author":[{"embeddable":true,"href":"https:\/\/www.ascensors-soler.cat\/es\/wp-json\/wp\/v2\/users\/1"}],"replies":[{"embeddable":true,"href":"https:\/\/www.ascensors-soler.cat\/es\/wp-json\/wp\/v2\/comments?post=5298"}],"version-history":[{"count":0,"href":"https:\/\/www.ascensors-soler.cat\/es\/wp-json\/wp\/v2\/pages\/5298\/revisions"}],"wp:attachment":[{"href":"https:\/\/www.ascensors-soler.cat\/es\/wp-json\/wp\/v2\/media?parent=5298"}],"curies":[{"name":"wp","href":"https:\/\/api.w.org\/{rel}","templated":true}]}}