{"id":4956,"date":"2018-12-05T11:41:33","date_gmt":"2018-12-05T10:41:33","guid":{"rendered":"https:\/\/www.ascensors-soler.cat\/instal%c2%b7lacions\/"},"modified":"2024-02-01T16:32:01","modified_gmt":"2024-02-01T15:32:01","slug":"instalaciones","status":"publish","type":"page","link":"https:\/\/www.ascensors-soler.cat\/es\/instalaciones\/","title":{"rendered":"Instalaciones"},"content":{"rendered":"<p>[et_pb_section fb_built=\u00bb1&#8243; _builder_version=\u00bb4.16&#8243; custom_margin=\u00bb||0px|\u00bb custom_padding=\u00bb||0px|\u00bb global_colors_info=\u00bb{}\u00bb][et_pb_row _builder_version=\u00bb4.16&#8243; global_colors_info=\u00bb{}\u00bb][et_pb_column type=\u00bb4_4&#8243; _builder_version=\u00bb4.16&#8243; custom_padding=\u00bb|||\u00bb global_colors_info=\u00bb{}\u00bb custom_padding__hover=\u00bb|||\u00bb][et_pb_text _builder_version=\u00bb4.16&#8243; header_font=\u00bb|700||on|||||\u00bb header_text_color=\u00bb#1a3f74&#8243; header_font_size=\u00bb36px\u00bb global_colors_info=\u00bb{}\u00bb]<\/p>\n<h1 style=\"text-align: center;\">INSTALACIONES<\/h1>\n<p>[\/et_pb_text][\/et_pb_column][\/et_pb_row][et_pb_row column_structure=\u00bb1_2,1_2&#8243; use_custom_gutter=\u00bbon\u00bb gutter_width=\u00bb2&#8243; _builder_version=\u00bb4.16&#8243; global_colors_info=\u00bb{}\u00bb][et_pb_column type=\u00bb1_2&#8243; _builder_version=\u00bb4.16&#8243; custom_padding=\u00bb|||10%\u00bb global_colors_info=\u00bb{}\u00bb custom_padding__hover=\u00bb|||\u00bb][et_pb_text disabled_on=\u00bboff|off|off\u00bb _builder_version=\u00bb4.24.0&#8243; hover_enabled=\u00bb0&#8243; global_colors_info=\u00bb{}\u00bb sticky_enabled=\u00bb0&#8243;]<\/p>\n<p style=\"text-align: right;\">Desde 1968 Ascensors Soler ha realizado m\u00e1s de 4.000 instalaciones, en toda Catalu\u00f1a, y tambi\u00e9n en Madrid, Donostia, Valladolid, Elche, Cerler, Andorra, Freetown (Sierra Leona) y otros.<br \/>Siempre trabajando con el m\u00e1ximo rigor y complicidad hacia el cliente, y aplicando en todos los procesos tanto la experiencia acumulada, capacidad t\u00e9cnica y certificaciones de calidad, dise\u00f1o y seguridad obtenidas.<br \/>La instalaci\u00f3n de los diferentes productos se realiza mayoritariamente en obras de nueva construcci\u00f3n, aunque tambi\u00e9n, debido a nuevas normativas o cambios de usos de espacios se realizan en obras ya construidas.<\/p>\n<p>[\/et_pb_text][\/et_pb_column][et_pb_column type=\u00bb1_2&#8243; _builder_version=\u00bb4.16&#8243; custom_padding=\u00bb|10%||\u00bb global_colors_info=\u00bb{}\u00bb custom_padding__hover=\u00bb|||\u00bb][et_pb_text disabled_on=\u00bboff|off|off\u00bb _builder_version=\u00bb4.24.0&#8243; hover_enabled=\u00bb0&#8243; global_colors_info=\u00bb{}\u00bb sticky_enabled=\u00bb0&#8243;]<\/p>\n<p>En ambos casos, Ascensors Soler, estudia los proyectos, aconseja al cliente t\u00e9cnica y legalmente, y propone la mejor opci\u00f3n mediante la oferta correspondiente, escrita y documentada.<\/p>\n<p>Ascensors Soler dispone de tres \u00e1reas de productos: <strong>ASCENSORES<\/strong><strong>, PLATAFORMAS y ESCALERAS MEC\u00c1NICAS<\/strong>.<\/p>\n<p>[\/et_pb_text][et_pb_button button_url=\u00bb\/es\/catalogos\/\u00bb button_text=\u00bbVER NUESTROS CAT\u00c1LOGOS\u00bb _builder_version=\u00bb4.17.4&#8243; _module_preset=\u00bbdefault\u00bb custom_button=\u00bbon\u00bb button_bg_color=\u00bb#007cb1&#8243; button_font=\u00bb|700|||||||\u00bb locked=\u00bboff\u00bb global_colors_info=\u00bb{}\u00bb][\/et_pb_button][\/et_pb_column][\/et_pb_row][et_pb_row _builder_version=\u00bb4.16&#8243; background_size=\u00bbinitial\u00bb background_position=\u00bbtop_left\u00bb background_repeat=\u00bbrepeat\u00bb global_colors_info=\u00bb{}\u00bb][et_pb_column type=\u00bb4_4&#8243; _builder_version=\u00bb4.16&#8243; custom_padding=\u00bb|||\u00bb global_colors_info=\u00bb{}\u00bb custom_padding__hover=\u00bb|||\u00bb][\/et_pb_column][\/et_pb_row][\/et_pb_section][et_pb_section fb_built=\u00bb1&#8243; make_equal=\u00bbon\u00bb use_custom_gutter=\u00bbon\u00bb gutter_width=\u00bb1&#8243; specialty=\u00bbon\u00bb parallax_2=\u00bbon\u00bb bg_img_2=\u00bbhttps:\/\/www.ascensors-soler.cat\/wp-content\/uploads\/2019\/02\/iStock-185031101.jpg\u00bb background_repeat_2=\u00bbno-repeat\u00bb use_background_color_gradient_1=\u00bbon\u00bb background_color_gradient_direction_1=\u00bb120deg\u00bb background_color_gradient_stops_1=\u00bb#029bcf 0%|#1a3f74 100%\u00bb background_color_gradient_start_1=\u00bb#029bcf\u00bb background_color_gradient_end_1=\u00bb#1a3f74&#8243; padding_top_2=\u00bb0px\u00bb padding_bottom_2=\u00bb0px\u00bb custom_css_main_1=\u00bbwidth: 55% !important;\u00bb custom_css_main_2=\u00bbwidth: 45% !important;\u00bb disabled_on=\u00bbon|on|off\u00bb module_class=\u00bb et_pb_specialty_fullwidth\u00bb _builder_version=\u00bb4.16&#8243; inner_width=\u00bb100%\u00bb inner_width_tablet=\u00bb100%\u00bb inner_width_phone=\u00bb100%\u00bb inner_width_last_edited=\u00bbon|desktop\u00bb inner_max_width=\u00bb100%\u00bb inner_max_width_tablet=\u00bb100%\u00bb inner_max_width_phone=\u00bb100%\u00bb inner_max_width_last_edited=\u00bbon|desktop\u00bb custom_margin=\u00bb0px||0px|\u00bb custom_padding=\u00bb0px||0px|\u00bb make_fullwidth=\u00bbon\u00bb collapsed=\u00bboff\u00bb global_colors_info=\u00bb{}\u00bb][et_pb_column type=\u00bb1_2&#8243; specialty_columns=\u00bb3&#8243; _builder_version=\u00bb4.16&#8243; custom_padding=\u00bb|||\u00bb global_colors_info=\u00bb{}\u00bb custom_padding__hover=\u00bb|||\u00bb][et_pb_row_inner admin_label=\u00bbFila\u00bb _builder_version=\u00bb4.16&#8243; background_color=\u00bb#000000&#8243; custom_margin=\u00bb0px||0px|\u00bb custom_padding=\u00bb0px||0px|\u00bb global_colors_info=\u00bb{}\u00bb][et_pb_column_inner saved_specialty_column_type=\u00bb1_2&#8243; _builder_version=\u00bb4.16&#8243; custom_padding=\u00bb|||25%\u00bb global_colors_info=\u00bb{}\u00bb custom_padding__hover=\u00bb|||\u00bb][et_pb_text _builder_version=\u00bb4.16&#8243; header_2_font=\u00bb|300||on|||||\u00bb header_2_text_color=\u00bb#ffffff\u00bb header_2_line_height=\u00bb0em\u00bb custom_margin=\u00bb15px||15px|\u00bb custom_padding=\u00bb7px||0px|\u00bb global_colors_info=\u00bb{}\u00bb]<\/p>\n<h2 style=\"text-align: left;\">Nuestras <strong>instalaciones<\/strong><\/h2>\n<p>[\/et_pb_text][\/et_pb_column_inner][\/et_pb_row_inner][et_pb_row_inner admin_label=\u00bbFila\u00bb _builder_version=\u00bb4.16&#8243; custom_padding=\u00bb4%||2%|\u00bb global_colors_info=\u00bb{}\u00bb][et_pb_column_inner saved_specialty_column_type=\u00bb1_2&#8243; _builder_version=\u00bb4.16&#8243; custom_padding=\u00bb|6%||25%\u00bb global_colors_info=\u00bb{}\u00bb custom_padding__hover=\u00bb|||\u00bb][et_pb_divider color=\u00bb#ffffff\u00bb divider_position=\u00bbcenter\u00bb divider_weight=\u00bb2&#8243; _builder_version=\u00bb4.16&#8243; global_colors_info=\u00bb{}\u00bb][\/et_pb_divider][\/et_pb_column_inner][\/et_pb_row_inner][et_pb_row_inner column_structure=\u00bb1_3,1_3,1_3&#8243; admin_label=\u00bbFila\u00bb _builder_version=\u00bb4.16&#8243; custom_padding=\u00bb1%||1%|\u00bb global_colors_info=\u00bb{}\u00bb][et_pb_column_inner type=\u00bb1_3&#8243; saved_specialty_column_type=\u00bb1_2&#8243; _builder_version=\u00bb4.16&#8243; custom_padding=\u00bb|2%||25%\u00bb custom_css_main_element=\u00bbwidth: 53% !important;\u00bb global_colors_info=\u00bb{}\u00bb custom_padding__hover=\u00bb|||\u00bb][et_pb_text _builder_version=\u00bb4.16&#8243; header_4_text_color=\u00bb#ffffff\u00bb header_4_font_size=\u00bb22px\u00bb global_colors_info=\u00bb{}\u00bb]<\/p>\n<h4><strong>ASCENSORES<\/strong><\/h4>\n<p>[\/et_pb_text][\/et_pb_column_inner][et_pb_column_inner type=\u00bb1_3&#8243; saved_specialty_column_type=\u00bb1_2&#8243; _builder_version=\u00bb4.16&#8243; custom_padding=\u00bb|2%||\u00bb custom_css_main_element=\u00bbwidth: 37% !important;\u00bb global_colors_info=\u00bb{}\u00bb custom_padding__hover=\u00bb|||\u00bb][et_pb_text _builder_version=\u00bb4.16&#8243; text_text_color=\u00bb#ffffff\u00bb link_text_color=\u00bb#ffffff\u00bb global_colors_info=\u00bb{}\u00bb]<\/p>\n<p lang=\"ca-ES\"><a href=\"\/es\/instalacion-de-ascensores-electricos-con-cuarto-de-maquinaria\/\">El\u00e9ctricos con cuarto de maquinaria<\/a>, <a href=\"\/es\/instalacion-de-ascensores-electricos-sin-cuarto-de-maquinaria\/\">El\u00e9ctricos sin cuarto de maquinaria<\/a>, <a href=\"\/es\/instalacion-de-ascensores-oleodinamicos-con-cuarto\/\">Oleodin\u00e1micos con cuarto<\/a>, <a href=\"\/es\/instalacion-de-ascensores-oleodinamicos-sin-cuarto\/\">Oleodin\u00e1micos sin cuarto<\/a>, <a href=\"\/es\/instalacion-de-elevadores-cabinados-oleodinamicos\/\">Elevador cabinado oleodin\u00e1mico<\/a>, <a href=\"\/es\/instalacion-de-ascensores-inclinados\/\">Ascensores inclinados<\/a>.<\/p>\n<p>[\/et_pb_text][\/et_pb_column_inner][et_pb_column_inner type=\u00bb1_3&#8243; saved_specialty_column_type=\u00bb1_2&#8243; _builder_version=\u00bb4.16&#8243; custom_padding=\u00bb5px|2%||\u00bb custom_css_main_element=\u00bbwidth: 7% !important;\u00bb global_colors_info=\u00bb{}\u00bb custom_padding__hover=\u00bb|||\u00bb][et_pb_image src=\u00bbhttps:\/\/www.ascensors-soler.cat\/wp-content\/uploads\/2018\/12\/info-06.svg\u00bb url=\u00bb\/es\/instalacion-de-ascensores\/\u00bb align=\u00bbcenter\u00bb align_tablet=\u00bbcenter\u00bb align_phone=\u00bbcenter\u00bb align_last_edited=\u00bbon|desktop\u00bb _builder_version=\u00bb4.16&#8243; max_width=\u00bb55%\u00bb module_alignment=\u00bbcenter\u00bb global_colors_info=\u00bb{}\u00bb][\/et_pb_image][\/et_pb_column_inner][\/et_pb_row_inner][et_pb_row_inner column_structure=\u00bb1_3,1_3,1_3&#8243; admin_label=\u00bbFila\u00bb _builder_version=\u00bb4.24.0&#8243; custom_padding=\u00bb1%||1%|\u00bb global_colors_info=\u00bb{}\u00bb][et_pb_column_inner type=\u00bb1_3&#8243; saved_specialty_column_type=\u00bb1_2&#8243; _builder_version=\u00bb4.16&#8243; custom_padding=\u00bb|2%||25%\u00bb custom_css_main_element=\u00bbwidth: 53% !important;\u00bb global_colors_info=\u00bb{}\u00bb custom_padding__hover=\u00bb|||\u00bb][et_pb_text _builder_version=\u00bb4.16&#8243; header_4_text_color=\u00bb#ffffff\u00bb header_4_font_size=\u00bb22px\u00bb global_colors_info=\u00bb{}\u00bb]<\/p>\n<h4><strong>PLATAFORMAS<\/strong><\/h4>\n<p>[\/et_pb_text][\/et_pb_column_inner][et_pb_column_inner type=\u00bb1_3&#8243; saved_specialty_column_type=\u00bb1_2&#8243; _builder_version=\u00bb4.16&#8243; custom_padding=\u00bb|2%||\u00bb custom_css_main_element=\u00bbwidth: 37% !important;\u00bb global_colors_info=\u00bb{}\u00bb custom_padding__hover=\u00bb|||\u00bb][et_pb_text _builder_version=\u00bb4.16&#8243; text_text_color=\u00bb#ffffff\u00bb link_text_color=\u00bb#ffffff\u00bb global_colors_info=\u00bb{}\u00bb]<\/p>\n<p lang=\"ca-ES\"><a href=\"\/es\/instalacion-de-plataformas-de-carga\/\">Plataformas de carga<\/a>, <a href=\"\/es\/instalacion-de-plataformas-de-carga-acompanada\/\">Plataformas de carga acompa\u00f1ada<\/a>, <a href=\"\/es\/instalacion-de-plataformas-de-tijera\/\">Plataformas de tijera<\/a>, <a href=\"\/es\/instalacion-de-sube-escaleras\/\">Sube-escaleras<\/a>, <a href=\"\/es\/instalacion-de-montaplatos-i-montadocumentos\/\">Montaplatos<\/a>, <a href=\"\/es\/instalacion-de-montaplatos-i-montadocumentos\/\">Montadocumentos <\/a>, <a href=\"\/es\/instalacion-de-minicargas\/\">Minicargas<\/a>.<\/p>\n<p>[\/et_pb_text][\/et_pb_column_inner][et_pb_column_inner type=\u00bb1_3&#8243; saved_specialty_column_type=\u00bb1_2&#8243; _builder_version=\u00bb4.16&#8243; custom_padding=\u00bb5px|2%||\u00bb custom_css_main_element=\u00bbwidth: 7% !important;\u00bb global_colors_info=\u00bb{}\u00bb custom_padding__hover=\u00bb|||\u00bb][et_pb_image src=\u00bbhttps:\/\/www.ascensors-soler.cat\/wp-content\/uploads\/2018\/12\/info-06.svg\u00bb url=\u00bb\/es\/plataformas\/\u00bb align=\u00bbcenter\u00bb align_tablet=\u00bbcenter\u00bb align_phone=\u00bbcenter\u00bb align_last_edited=\u00bbon|desktop\u00bb _builder_version=\u00bb4.16&#8243; max_width=\u00bb55%\u00bb module_alignment=\u00bbcenter\u00bb global_colors_info=\u00bb{}\u00bb][\/et_pb_image][\/et_pb_column_inner][\/et_pb_row_inner][et_pb_row_inner column_structure=\u00bb1_3,1_3,1_3&#8243; admin_label=\u00bbFila\u00bb _builder_version=\u00bb4.24.0&#8243; custom_padding=\u00bb1%||5%||false|false\u00bb global_colors_info=\u00bb{}\u00bb][et_pb_column_inner type=\u00bb1_3&#8243; saved_specialty_column_type=\u00bb1_2&#8243; _builder_version=\u00bb4.16&#8243; custom_padding=\u00bb|2%||25%\u00bb custom_css_main_element=\u00bbwidth: 53% !important;\u00bb global_colors_info=\u00bb{}\u00bb custom_padding__hover=\u00bb|||\u00bb][et_pb_text _builder_version=\u00bb4.16&#8243; header_4_text_color=\u00bb#ffffff\u00bb header_4_font_size=\u00bb22px\u00bb global_colors_info=\u00bb{}\u00bb]<\/p>\n<h4><strong>ESCALERAS Y ANDENES<\/strong><\/h4>\n<p>[\/et_pb_text][\/et_pb_column_inner][et_pb_column_inner type=\u00bb1_3&#8243; saved_specialty_column_type=\u00bb1_2&#8243; _builder_version=\u00bb4.16&#8243; custom_padding=\u00bb|2%||\u00bb custom_css_main_element=\u00bbwidth: 37% !important;\u00bb global_colors_info=\u00bb{}\u00bb custom_padding__hover=\u00bb|||\u00bb][et_pb_text _builder_version=\u00bb4.16&#8243; text_text_color=\u00bb#ffffff\u00bb link_text_color=\u00bb#ffffff\u00bb global_colors_info=\u00bb{}\u00bb]<\/p>\n<p lang=\"ca-ES\"><a href=\"\/es\/instalacion-de-escaleras-mecanicas\/\">Escaleras mec\u00e1nicas<\/a>, <a href=\"\/es\/instalacion-de-andenes-moviles\/\">Andenes m\u00f3viles<\/a>.<\/p>\n<p>[\/et_pb_text][\/et_pb_column_inner][et_pb_column_inner type=\u00bb1_3&#8243; saved_specialty_column_type=\u00bb1_2&#8243; _builder_version=\u00bb4.16&#8243; custom_padding=\u00bb5px|2%||\u00bb custom_css_main_element=\u00bbwidth: 7% !important;\u00bb global_colors_info=\u00bb{}\u00bb custom_padding__hover=\u00bb|||\u00bb][et_pb_image src=\u00bbhttps:\/\/www.ascensors-soler.cat\/wp-content\/uploads\/2018\/12\/info-06.svg\u00bb url=\u00bb\/es\/instalacion-de-escaleras-y-andenes\/\u00bb align=\u00bbcenter\u00bb align_tablet=\u00bbcenter\u00bb align_phone=\u00bbcenter\u00bb align_last_edited=\u00bbon|desktop\u00bb _builder_version=\u00bb4.16&#8243; max_width=\u00bb55%\u00bb module_alignment=\u00bbcenter\u00bb global_colors_info=\u00bb{}\u00bb][\/et_pb_image][\/et_pb_column_inner][\/et_pb_row_inner][\/et_pb_column][et_pb_column type=\u00bb1_2&#8243; _builder_version=\u00bb4.16&#8243; custom_padding=\u00bb|||\u00bb global_colors_info=\u00bb{}\u00bb custom_padding__hover=\u00bb|||\u00bb][\/et_pb_column][\/et_pb_section][et_pb_section fb_built=\u00bb1&#8243; disabled_on=\u00bb||on\u00bb admin_label=\u00bbInstalacions Responsive\u00bb _builder_version=\u00bb4.16&#8243; use_background_color_gradient=\u00bbon\u00bb background_color_gradient_direction=\u00bb120deg\u00bb background_color_gradient_stops=\u00bb#029bcf 0%|#1a3f74 100%\u00bb background_color_gradient_start=\u00bb#029bcf\u00bb background_color_gradient_end=\u00bb#1a3f74&#8243; custom_margin=\u00bb0px|||\u00bb custom_padding=\u00bb0px|||\u00bb collapsed=\u00bboff\u00bb global_colors_info=\u00bb{}\u00bb][et_pb_row use_custom_gutter=\u00bbon\u00bb gutter_width=\u00bb1&#8243; module_class=\u00bb et_pb_row_fullwidth\u00bb _builder_version=\u00bb4.16&#8243; background_color=\u00bb#000000&#8243; width=\u00bb100%\u00bb width_tablet=\u00bb100%\u00bb width_phone=\u00bb100%\u00bb width_last_edited=\u00bbon|desktop\u00bb max_width=\u00bb100%\u00bb max_width_tablet=\u00bb100%\u00bb max_width_phone=\u00bb100%\u00bb max_width_last_edited=\u00bbon|desktop\u00bb custom_margin=\u00bb0px||0px|\u00bb custom_padding=\u00bb0px||0px|\u00bb make_fullwidth=\u00bbon\u00bb global_colors_info=\u00bb{}\u00bb][et_pb_column type=\u00bb4_4&#8243; _builder_version=\u00bb4.16&#8243; custom_padding=\u00bb|||\u00bb global_colors_info=\u00bb{}\u00bb custom_padding__hover=\u00bb|||\u00bb][et_pb_text _builder_version=\u00bb4.16&#8243; header_2_font=\u00bb|300||on|||||\u00bb header_2_text_color=\u00bb#ffffff\u00bb header_2_line_height=\u00bb0em\u00bb custom_margin=\u00bb15px||15px|\u00bb custom_padding=\u00bb7px||0px|\u00bb global_colors_info=\u00bb{}\u00bb]<\/p>\n<h2 style=\"text-align: center;\">Nuestras <strong>instalaciones<\/strong><\/h2>\n<p>[\/et_pb_text][\/et_pb_column][\/et_pb_row][et_pb_row column_structure=\u00bb1_6,1_6,1_6,1_6,1_6,1_6&#8243; _builder_version=\u00bb4.16&#8243; global_colors_info=\u00bb{}\u00bb][et_pb_column type=\u00bb1_6&#8243; _builder_version=\u00bb4.16&#8243; custom_padding=\u00bb|||\u00bb global_colors_info=\u00bb{}\u00bb custom_padding__hover=\u00bb|||\u00bb][et_pb_text _builder_version=\u00bb4.16&#8243; header_4_text_color=\u00bb#ffffff\u00bb header_4_font_size=\u00bb22px\u00bb global_colors_info=\u00bb{}\u00bb]<\/p>\n<h4><strong>ASCENSORES<\/strong><\/h4>\n<p>[\/et_pb_text][\/et_pb_column][et_pb_column type=\u00bb1_6&#8243; _builder_version=\u00bb4.16&#8243; custom_padding=\u00bb|||\u00bb custom_css_main_element=\u00bbwidth: 75% !important;\u00bb global_colors_info=\u00bb{}\u00bb custom_padding__hover=\u00bb|||\u00bb][et_pb_text _builder_version=\u00bb4.16&#8243; text_text_color=\u00bb#ffffff\u00bb link_text_color=\u00bb#ffffff\u00bb global_colors_info=\u00bb{}\u00bb]<\/p>\n<p lang=\"ca-ES\"><a href=\"\/es\/instalacion-de-ascensores-electricos-con-cuarto-de-maquinaria\/\">El\u00e9ctricos con cuarto de maquinaria<\/a>, <a href=\"\/es\/instalacion-de-ascensores-electricos-sin-cuarto-de-maquinaria\/\">El\u00e9ctricos sin cuarto de maquinaria<\/a>, <a href=\"\/es\/instalacion-de-ascensores-oleodinamicos-con-cuarto\/\">Oleodin\u00e1micos con cuarto<\/a>, <a href=\"\/es\/instalacion-de-ascensores-oleodinamicos-sin-cuarto\/\">Oleodin\u00e1micos sin cuarto<\/a>,\u00a0<a href=\"\/es\/instalacion-de-elevadores-cabinados-oleodinamicos\/\">Elevador cabinado oleodin\u00e1mico<\/a>, <a href=\"\/es\/instalacion-de-ascensores-inclinados\/\">Ascensores inclinados<\/a>.<\/p>\n<p>[\/et_pb_text][\/et_pb_column][et_pb_column type=\u00bb1_6&#8243; _builder_version=\u00bb4.16&#8243; custom_padding=\u00bb|||\u00bb custom_css_main_element=\u00bbwidth: 15% !important;\u00bb global_colors_info=\u00bb{}\u00bb custom_padding__hover=\u00bb|||\u00bb][et_pb_image src=\u00bbhttps:\/\/www.ascensors-soler.cat\/wp-content\/uploads\/2018\/12\/info-06.svg\u00bb url=\u00bb\/es\/instalacion-de-ascensores\/\u00bb align=\u00bbcenter\u00bb align_tablet=\u00bbcenter\u00bb align_phone=\u00bbcenter\u00bb align_last_edited=\u00bbon|desktop\u00bb _builder_version=\u00bb4.16&#8243; max_width=\u00bb50%\u00bb max_width_tablet=\u00bb45%\u00bb max_width_phone=\u00bb55%\u00bb max_width_last_edited=\u00bbon|phone\u00bb module_alignment=\u00bbcenter\u00bb global_colors_info=\u00bb{}\u00bb][\/et_pb_image][\/et_pb_column][et_pb_column type=\u00bb1_6&#8243; _builder_version=\u00bb4.16&#8243; custom_padding=\u00bb|||\u00bb global_colors_info=\u00bb{}\u00bb custom_padding__hover=\u00bb|||\u00bb][\/et_pb_column][et_pb_column type=\u00bb1_6&#8243; _builder_version=\u00bb4.16&#8243; custom_padding=\u00bb|||\u00bb global_colors_info=\u00bb{}\u00bb custom_padding__hover=\u00bb|||\u00bb][\/et_pb_column][et_pb_column type=\u00bb1_6&#8243; _builder_version=\u00bb4.16&#8243; custom_padding=\u00bb|||\u00bb global_colors_info=\u00bb{}\u00bb custom_padding__hover=\u00bb|||\u00bb][\/et_pb_column][\/et_pb_row][et_pb_row column_structure=\u00bb1_6,1_6,1_6,1_6,1_6,1_6&#8243; _builder_version=\u00bb4.16&#8243; global_colors_info=\u00bb{}\u00bb][et_pb_column type=\u00bb1_6&#8243; _builder_version=\u00bb4.16&#8243; custom_padding=\u00bb|||\u00bb global_colors_info=\u00bb{}\u00bb custom_padding__hover=\u00bb|||\u00bb][et_pb_text _builder_version=\u00bb4.16&#8243; header_4_text_color=\u00bb#ffffff\u00bb header_4_font_size=\u00bb22px\u00bb global_colors_info=\u00bb{}\u00bb]<\/p>\n<h4><strong>PLATAFORMAS<\/strong><\/h4>\n<p>[\/et_pb_text][\/et_pb_column][et_pb_column type=\u00bb1_6&#8243; _builder_version=\u00bb4.16&#8243; custom_padding=\u00bb|||\u00bb custom_css_main_element=\u00bbwidth: 75% !important;\u00bb global_colors_info=\u00bb{}\u00bb custom_padding__hover=\u00bb|||\u00bb][et_pb_text _builder_version=\u00bb4.16&#8243; text_text_color=\u00bb#ffffff\u00bb link_text_color=\u00bb#ffffff\u00bb global_colors_info=\u00bb{}\u00bb]<\/p>\n<p lang=\"ca-ES\"><a href=\"\/es\/instalacion-de-plataformas-de-carga\/\">Plataformas de carga<\/a>, <a href=\"\/es\/instalacion-de-plataformas-de-carga-acompanada\/\">Plataformas de carga acompa\u00f1ada<\/a>, <a href=\"\/es\/instalacion-de-plataformas-de-tijera\/\">Plataformas de tijera<\/a>, <a href=\"\/es\/instalacion-de-sube-escaleras\/\">Sube-escaleras<\/a>, <a href=\"\/es\/instalacion-de-montaplatos-i-montadocumentos\/\">Montaplatos<\/a>, <a href=\"\/es\/instalacion-de-montaplatos-i-montadocumentos\/\">Montadocumentos <\/a>, <a href=\"\/es\/instalacion-de-minicargas\/\">Minicargas<\/a>.<\/p>\n<p>[\/et_pb_text][\/et_pb_column][et_pb_column type=\u00bb1_6&#8243; _builder_version=\u00bb4.16&#8243; custom_padding=\u00bb|||\u00bb custom_css_main_element=\u00bbwidth: 15% !important;\u00bb global_colors_info=\u00bb{}\u00bb custom_padding__hover=\u00bb|||\u00bb][et_pb_image src=\u00bbhttps:\/\/www.ascensors-soler.cat\/wp-content\/uploads\/2018\/12\/info-06.svg\u00bb url=\u00bb\/es\/plataformas\/\u00bb align=\u00bbcenter\u00bb align_tablet=\u00bbcenter\u00bb align_phone=\u00bbcenter\u00bb align_last_edited=\u00bbon|desktop\u00bb _builder_version=\u00bb4.16&#8243; max_width=\u00bb55%\u00bb max_width_tablet=\u00bb45%\u00bb max_width_phone=\u00bb55%\u00bb max_width_last_edited=\u00bbon|phone\u00bb module_alignment=\u00bbcenter\u00bb global_colors_info=\u00bb{}\u00bb][\/et_pb_image][\/et_pb_column][et_pb_column type=\u00bb1_6&#8243; _builder_version=\u00bb4.16&#8243; custom_padding=\u00bb|||\u00bb global_colors_info=\u00bb{}\u00bb custom_padding__hover=\u00bb|||\u00bb][\/et_pb_column][et_pb_column type=\u00bb1_6&#8243; _builder_version=\u00bb4.16&#8243; custom_padding=\u00bb|||\u00bb global_colors_info=\u00bb{}\u00bb custom_padding__hover=\u00bb|||\u00bb][\/et_pb_column][et_pb_column type=\u00bb1_6&#8243; _builder_version=\u00bb4.16&#8243; custom_padding=\u00bb|||\u00bb global_colors_info=\u00bb{}\u00bb custom_padding__hover=\u00bb|||\u00bb][\/et_pb_column][\/et_pb_row][et_pb_row column_structure=\u00bb1_6,1_6,1_6,1_6,1_6,1_6&#8243; _builder_version=\u00bb4.16&#8243; global_colors_info=\u00bb{}\u00bb][et_pb_column type=\u00bb1_6&#8243; _builder_version=\u00bb4.16&#8243; custom_padding=\u00bb|||\u00bb global_colors_info=\u00bb{}\u00bb custom_padding__hover=\u00bb|||\u00bb][et_pb_text _builder_version=\u00bb4.16&#8243; header_4_text_color=\u00bb#ffffff\u00bb header_4_font_size=\u00bb22px\u00bb global_colors_info=\u00bb{}\u00bb]<\/p>\n<h4><strong>ESCALERAS Y ANDENES<\/strong><\/h4>\n<p>[\/et_pb_text][\/et_pb_column][et_pb_column type=\u00bb1_6&#8243; _builder_version=\u00bb4.16&#8243; custom_padding=\u00bb|||\u00bb custom_css_main_element=\u00bbwidth: 75% !important;\u00bb global_colors_info=\u00bb{}\u00bb custom_padding__hover=\u00bb|||\u00bb][et_pb_text _builder_version=\u00bb4.16&#8243; text_text_color=\u00bb#ffffff\u00bb link_text_color=\u00bb#ffffff\u00bb global_colors_info=\u00bb{}\u00bb]<\/p>\n<p lang=\"ca-ES\"><a href=\"\/es\/instalacion-de-escaleras-mecanicas\/\">Escaleras mec\u00e1nicas<\/a>, <a href=\"\/es\/instalacion-de-andenes-moviles\/\">Andenes m\u00f3viles<\/a>.<\/p>\n<p>[\/et_pb_text][\/et_pb_column][et_pb_column type=\u00bb1_6&#8243; _builder_version=\u00bb4.16&#8243; custom_padding=\u00bb|||\u00bb custom_css_main_element=\u00bbwidth: 15% !important;\u00bb global_colors_info=\u00bb{}\u00bb custom_padding__hover=\u00bb|||\u00bb][et_pb_image src=\u00bbhttps:\/\/www.ascensors-soler.cat\/wp-content\/uploads\/2018\/12\/info-06.svg\u00bb url=\u00bb\/es\/instalacion-de-escaleras-y-andenes\/\u00bb align=\u00bbcenter\u00bb align_tablet=\u00bbcenter\u00bb align_phone=\u00bbcenter\u00bb align_last_edited=\u00bbon|desktop\u00bb _builder_version=\u00bb4.16&#8243; max_width=\u00bb50%\u00bb max_width_tablet=\u00bb45%\u00bb max_width_phone=\u00bb55%\u00bb max_width_last_edited=\u00bbon|phone\u00bb module_alignment=\u00bbcenter\u00bb global_colors_info=\u00bb{}\u00bb][\/et_pb_image][\/et_pb_column][et_pb_column type=\u00bb1_6&#8243; _builder_version=\u00bb4.16&#8243; custom_padding=\u00bb|||\u00bb global_colors_info=\u00bb{}\u00bb custom_padding__hover=\u00bb|||\u00bb][\/et_pb_column][et_pb_column type=\u00bb1_6&#8243; _builder_version=\u00bb4.16&#8243; custom_padding=\u00bb|||\u00bb global_colors_info=\u00bb{}\u00bb custom_padding__hover=\u00bb|||\u00bb][\/et_pb_column][et_pb_column type=\u00bb1_6&#8243; _builder_version=\u00bb4.16&#8243; custom_padding=\u00bb|||\u00bb global_colors_info=\u00bb{}\u00bb custom_padding__hover=\u00bb|||\u00bb][\/et_pb_column][\/et_pb_row][\/et_pb_section]<\/p>\n","protected":false},"excerpt":{"rendered":"<p>INSTALACIONES Desde 1968 Ascensors Soler ha realizado m\u00e1s de 4.000 instalaciones, en toda Catalu\u00f1a, y tambi\u00e9n en Madrid, Donostia, Valladolid, Elche, Cerler, Andorra, Freetown (Sierra Leona) y otros.Siempre trabajando con el m\u00e1ximo rigor y complicidad hacia el cliente, y aplicando en todos los procesos tanto la experiencia acumulada, capacidad t\u00e9cnica y certificaciones de calidad, dise\u00f1o [&hellip;]<\/p>\n","protected":false},"author":1,"featured_media":0,"parent":0,"menu_order":0,"comment_status":"closed","ping_status":"closed","template":"","meta":{"_et_pb_use_builder":"on","_et_pb_old_content":"","_et_gb_content_width":"","footnotes":""},"class_list":["post-4956","page","type-page","status-publish","hentry"],"_links":{"self":[{"href":"https:\/\/www.ascensors-soler.cat\/es\/wp-json\/wp\/v2\/pages\/4956","targetHints":{"allow":["GET"]}}],"collection":[{"href":"https:\/\/www.ascensors-soler.cat\/es\/wp-json\/wp\/v2\/pages"}],"about":[{"href":"https:\/\/www.ascensors-soler.cat\/es\/wp-json\/wp\/v2\/types\/page"}],"author":[{"embeddable":true,"href":"https:\/\/www.ascensors-soler.cat\/es\/wp-json\/wp\/v2\/users\/1"}],"replies":[{"embeddable":true,"href":"https:\/\/www.ascensors-soler.cat\/es\/wp-json\/wp\/v2\/comments?post=4956"}],"version-history":[{"count":2,"href":"https:\/\/www.ascensors-soler.cat\/es\/wp-json\/wp\/v2\/pages\/4956\/revisions"}],"predecessor-version":[{"id":7004,"href":"https:\/\/www.ascensors-soler.cat\/es\/wp-json\/wp\/v2\/pages\/4956\/revisions\/7004"}],"wp:attachment":[{"href":"https:\/\/www.ascensors-soler.cat\/es\/wp-json\/wp\/v2\/media?parent=4956"}],"curies":[{"name":"wp","href":"https:\/\/api.w.org\/{rel}","templated":true}]}}